{"id":7276,"date":"2019-03-13T13:28:13","date_gmt":"2019-03-13T11:28:13","guid":{"rendered":"https:\/\/www.discgolfpark.com\/?page_id=7276"},"modified":"2022-07-11T14:17:01","modified_gmt":"2022-07-11T12:17:01","slug":"retee-program","status":"publish","type":"page","link":"https:\/\/www.discgolfpark.com\/sv\/discgolfpark\/koncept\/retee-program\/","title":{"rendered":"Retee program"},"content":{"rendered":"<p><iframe loading=\"lazy\" src=\"https:\/\/www.youtube.com\/embed\/fTNdz-Qu-ZY\" width=\"750\" height=\"394\" frameborder=\"0\" allowfullscreen=\"allowfullscreen\"><\/iframe><\/p>\n","protected":false},"excerpt":{"rendered":"<p>V\u00e5rat Retee program \u00e4r utvecklat och framtaget efter det behov som har vuxit fram. Discgolf har funnits i Sverige sedan 70-talet, vilket medf\u00f6rt att m\u00e5nga banor har blivit oerh\u00f6rt slitna med tiden. Andra banor har fr\u00e5n f\u00f6rsta b\u00f6rjan inte varit utformade s\u00e5 som discgolf \u00e4r t\u00e4nkt, s\u00e4kert, l\u00e4ttillg\u00e4ngligt, informativt och enkelt att p\u00e5b\u00f6rja oavsett om [&#8230;]<\/p>\n<p><a class=\"btn btn-secondary understrap-read-more-link\" href=\"https:\/\/www.discgolfpark.com\/sv\/discgolfpark\/koncept\/retee-program\/\">L\u00e4s mer&#8230;<span class=\"screen-reader-text\"> from Retee program<\/span><\/a><\/p>\n","protected":false},"author":3,"featured_media":7371,"parent":5447,"menu_order":0,"comment_status":"closed","ping_status":"closed","template":"page-templates\/page-with-sidebar.php","meta":[],"acf":[],"_links":{"self":[{"href":"https:\/\/www.discgolfpark.com\/sv\/wp-json\/wp\/v2\/pages\/7276"}],"collection":[{"href":"https:\/\/www.discgolfpark.com\/sv\/wp-json\/wp\/v2\/pages"}],"about":[{"href":"https:\/\/www.discgolfpark.com\/sv\/wp-json\/wp\/v2\/types\/page"}],"author":[{"embeddable":true,"href":"https:\/\/www.discgolfpark.com\/sv\/wp-json\/wp\/v2\/users\/3"}],"replies":[{"embeddable":true,"href":"https:\/\/www.discgolfpark.com\/sv\/wp-json\/wp\/v2\/comments?post=7276"}],"version-history":[{"count":17,"href":"https:\/\/www.discgolfpark.com\/sv\/wp-json\/wp\/v2\/pages\/7276\/revisions"}],"predecessor-version":[{"id":13369,"href":"https:\/\/www.discgolfpark.com\/sv\/wp-json\/wp\/v2\/pages\/7276\/revisions\/13369"}],"up":[{"embeddable":true,"href":"https:\/\/www.discgolfpark.com\/sv\/wp-json\/wp\/v2\/pages\/5447"}],"wp:featuredmedia":[{"embeddable":true,"href":"https:\/\/www.discgolfpark.com\/sv\/wp-json\/wp\/v2\/media\/7371"}],"wp:attachment":[{"href":"https:\/\/www.discgolfpark.com\/sv\/wp-json\/wp\/v2\/media?parent=7276"}],"curies":[{"name":"wp","href":"https:\/\/api.w.org\/{rel}","templated":true}]}}