{"id":6565,"date":"2018-09-06T09:29:04","date_gmt":"2018-09-06T07:29:04","guid":{"rendered":"https:\/\/www.discgolfpark.com\/multigolf\/"},"modified":"2021-02-19T12:58:36","modified_gmt":"2021-02-19T10:58:36","slug":"multigolf","status":"publish","type":"page","link":"https:\/\/www.discgolfpark.com\/sv\/multigolf\/","title":{"rendered":"MultiGolf"},"content":{"rendered":"","protected":false},"excerpt":{"rendered":"<p>MultiGolfPark: 3- i -1 Golf f\u00f6r moderna stadsomr\u00e5den MultiGolf \u00e4r en roligt aktivitet f\u00f6r hela familjen. MultiGolf best\u00e5r av tre typer av golf: footgolf, discgolf och parkgolf. MultiGolfPark \u00e4r ett innovativt koncept som s\u00e4tter samman tre former av golf p\u00e5 ett s\u00e4tt om aldrig s\u00e4tts f\u00f6rut. Trippla potentialen I ditt rekreationsomr\u00e5de med MultiGolfPark. Detta g\u00f6r [&#8230;]<\/p>\n<p><a class=\"btn btn-secondary understrap-read-more-link\" href=\"https:\/\/www.discgolfpark.com\/sv\/multigolf\/\">L\u00e4s mer&#8230;<span class=\"screen-reader-text\"> from MultiGolf<\/span><\/a><\/p>\n","protected":false},"author":3,"featured_media":0,"parent":0,"menu_order":0,"comment_status":"closed","ping_status":"closed","template":"","meta":[],"acf":[],"_links":{"self":[{"href":"https:\/\/www.discgolfpark.com\/sv\/wp-json\/wp\/v2\/pages\/6565"}],"collection":[{"href":"https:\/\/www.discgolfpark.com\/sv\/wp-json\/wp\/v2\/pages"}],"about":[{"href":"https:\/\/www.discgolfpark.com\/sv\/wp-json\/wp\/v2\/types\/page"}],"author":[{"embeddable":true,"href":"https:\/\/www.discgolfpark.com\/sv\/wp-json\/wp\/v2\/users\/3"}],"replies":[{"embeddable":true,"href":"https:\/\/www.discgolfpark.com\/sv\/wp-json\/wp\/v2\/comments?post=6565"}],"version-history":[{"count":25,"href":"https:\/\/www.discgolfpark.com\/sv\/wp-json\/wp\/v2\/pages\/6565\/revisions"}],"predecessor-version":[{"id":10876,"href":"https:\/\/www.discgolfpark.com\/sv\/wp-json\/wp\/v2\/pages\/6565\/revisions\/10876"}],"wp:attachment":[{"href":"https:\/\/www.discgolfpark.com\/sv\/wp-json\/wp\/v2\/media?parent=6565"}],"curies":[{"name":"wp","href":"https:\/\/api.w.org\/{rel}","templated":true}]}}