{"id":5481,"date":"2018-03-27T22:23:58","date_gmt":"2018-03-27T20:23:58","guid":{"rendered":"http:\/\/www.discgolfpark.com\/?page_id=5481"},"modified":"2022-01-28T10:11:06","modified_gmt":"2022-01-28T08:11:06","slug":"evenemang-och-utbildningar","status":"publish","type":"page","link":"https:\/\/www.discgolfpark.com\/sv\/discgolfpark\/tjanster\/evenemang-och-utbildningar\/","title":{"rendered":"Evenemang och utbildningar"},"content":{"rendered":"","protected":false},"excerpt":{"rendered":"<p>Evenemang och utbildningar DiscGolfParks designers har stor erfarenhet av att l\u00e4ra ut discgolf till nyb\u00f6rjare. N\u00e4r en discgolfbana \u00e4r redo att b\u00f6rja anv\u00e4ndas, \u00e4r det dags att fira! En \u00f6ppningsceremoni av en ny discgolfbana \u00e4r effektivt f\u00f6r anv\u00e4ndandet av denna. Bjud in kommunens alla inv\u00e5nare inklusive lokala f\u00f6retag och media. Fr\u00e5ga efter offert! Den popul\u00e4ra [&#8230;]<\/p>\n<p><a class=\"btn btn-secondary understrap-read-more-link\" href=\"https:\/\/www.discgolfpark.com\/sv\/discgolfpark\/tjanster\/evenemang-och-utbildningar\/\">L\u00e4s mer&#8230;<span class=\"screen-reader-text\"> from Evenemang och utbildningar<\/span><\/a><\/p>\n","protected":false},"author":33,"featured_media":5897,"parent":5473,"menu_order":4,"comment_status":"closed","ping_status":"closed","template":"","meta":[],"acf":[],"_links":{"self":[{"href":"https:\/\/www.discgolfpark.com\/sv\/wp-json\/wp\/v2\/pages\/5481"}],"collection":[{"href":"https:\/\/www.discgolfpark.com\/sv\/wp-json\/wp\/v2\/pages"}],"about":[{"href":"https:\/\/www.discgolfpark.com\/sv\/wp-json\/wp\/v2\/types\/page"}],"author":[{"embeddable":true,"href":"https:\/\/www.discgolfpark.com\/sv\/wp-json\/wp\/v2\/users\/33"}],"replies":[{"embeddable":true,"href":"https:\/\/www.discgolfpark.com\/sv\/wp-json\/wp\/v2\/comments?post=5481"}],"version-history":[{"count":3,"href":"https:\/\/www.discgolfpark.com\/sv\/wp-json\/wp\/v2\/pages\/5481\/revisions"}],"predecessor-version":[{"id":12657,"href":"https:\/\/www.discgolfpark.com\/sv\/wp-json\/wp\/v2\/pages\/5481\/revisions\/12657"}],"up":[{"embeddable":true,"href":"https:\/\/www.discgolfpark.com\/sv\/wp-json\/wp\/v2\/pages\/5473"}],"wp:featuredmedia":[{"embeddable":true,"href":"https:\/\/www.discgolfpark.com\/sv\/wp-json\/wp\/v2\/media\/5897"}],"wp:attachment":[{"href":"https:\/\/www.discgolfpark.com\/sv\/wp-json\/wp\/v2\/media?parent=5481"}],"curies":[{"name":"wp","href":"https:\/\/api.w.org\/{rel}","templated":true}]}}