{"id":5479,"date":"2018-03-27T22:23:36","date_gmt":"2018-03-27T20:23:36","guid":{"rendered":"http:\/\/www.discgolfpark.com\/?page_id=5479"},"modified":"2022-01-28T10:09:04","modified_gmt":"2022-01-28T08:09:04","slug":"kartlaggning-av-yta","status":"publish","type":"page","link":"https:\/\/www.discgolfpark.com\/sv\/discgolfpark\/tjanster\/kartlaggning-av-yta\/","title":{"rendered":"Kartl\u00e4ggning av yta"},"content":{"rendered":"","protected":false},"excerpt":{"rendered":"<p>Kartl\u00e4ggning av yta Utredningen inkluderar: \u2013 \u00d6versyn av omr\u00e5det (antal h\u00e5l, ut\u00f6vare, klassificering av banan, \u00f6vrigt som b\u00f6r tas med i ber\u00e4kning) \u2013 Kartl\u00e4gga terr\u00e4ngen och dess s\u00e4rdrag \u2013 Estimera kostnaderna f\u00f6r en DiscGolfPark Fr\u00e5ga efter offert! V\u00e5r service f\u00f6r kartl\u00e4ggning av yta anv\u00e4nds f\u00f6r att en plats med s\u00e5 god potential som m\u00f6jligt skall [&#8230;]<\/p>\n<p><a class=\"btn btn-secondary understrap-read-more-link\" href=\"https:\/\/www.discgolfpark.com\/sv\/discgolfpark\/tjanster\/kartlaggning-av-yta\/\">L\u00e4s mer&#8230;<span class=\"screen-reader-text\"> from Kartl\u00e4ggning av yta<\/span><\/a><\/p>\n","protected":false},"author":33,"featured_media":4010,"parent":5473,"menu_order":0,"comment_status":"closed","ping_status":"closed","template":"","meta":[],"acf":[],"_links":{"self":[{"href":"https:\/\/www.discgolfpark.com\/sv\/wp-json\/wp\/v2\/pages\/5479"}],"collection":[{"href":"https:\/\/www.discgolfpark.com\/sv\/wp-json\/wp\/v2\/pages"}],"about":[{"href":"https:\/\/www.discgolfpark.com\/sv\/wp-json\/wp\/v2\/types\/page"}],"author":[{"embeddable":true,"href":"https:\/\/www.discgolfpark.com\/sv\/wp-json\/wp\/v2\/users\/33"}],"replies":[{"embeddable":true,"href":"https:\/\/www.discgolfpark.com\/sv\/wp-json\/wp\/v2\/comments?post=5479"}],"version-history":[{"count":3,"href":"https:\/\/www.discgolfpark.com\/sv\/wp-json\/wp\/v2\/pages\/5479\/revisions"}],"predecessor-version":[{"id":12654,"href":"https:\/\/www.discgolfpark.com\/sv\/wp-json\/wp\/v2\/pages\/5479\/revisions\/12654"}],"up":[{"embeddable":true,"href":"https:\/\/www.discgolfpark.com\/sv\/wp-json\/wp\/v2\/pages\/5473"}],"wp:featuredmedia":[{"embeddable":true,"href":"https:\/\/www.discgolfpark.com\/sv\/wp-json\/wp\/v2\/media\/4010"}],"wp:attachment":[{"href":"https:\/\/www.discgolfpark.com\/sv\/wp-json\/wp\/v2\/media?parent=5479"}],"curies":[{"name":"wp","href":"https:\/\/api.w.org\/{rel}","templated":true}]}}