{"id":5477,"date":"2018-03-27T22:23:18","date_gmt":"2018-03-27T20:23:18","guid":{"rendered":"http:\/\/www.discgolfpark.com\/?page_id=5477"},"modified":"2022-01-28T10:10:24","modified_gmt":"2022-01-28T08:10:24","slug":"ritning-av-kartor","status":"publish","type":"page","link":"https:\/\/www.discgolfpark.com\/sv\/discgolfpark\/tjanster\/ritning-av-kartor\/","title":{"rendered":"Ritning av kartor"},"content":{"rendered":"","protected":false},"excerpt":{"rendered":"<p>Kartor -grafisk design N\u00e4r de f\u00f6rsta stegen f\u00f6r DiscGolfParks design \u00e4r gjorda, \u00e5terst\u00e5r att f\u00f6rvandla skisser till bankarta och individuella h\u00e5lkartor. De anv\u00e4nds f\u00f6r InfoBoard -informationstavla och Teesigns -h\u00e5lskyltar. Logotyper kan f\u00f6ras in p\u00e5 kartor d\u00e4r man har sponsorer. Denna information och dessa kartor \u00e4r en v\u00e4sentlig del av DiscGolfParks l\u00f6sning. Utan ett klart och [&#8230;]<\/p>\n<p><a class=\"btn btn-secondary understrap-read-more-link\" href=\"https:\/\/www.discgolfpark.com\/sv\/discgolfpark\/tjanster\/ritning-av-kartor\/\">L\u00e4s mer&#8230;<span class=\"screen-reader-text\"> from Ritning av kartor<\/span><\/a><\/p>\n","protected":false},"author":33,"featured_media":3944,"parent":5473,"menu_order":0,"comment_status":"closed","ping_status":"closed","template":"page-templates\/page-with-sidebar.php","meta":[],"acf":[],"_links":{"self":[{"href":"https:\/\/www.discgolfpark.com\/sv\/wp-json\/wp\/v2\/pages\/5477"}],"collection":[{"href":"https:\/\/www.discgolfpark.com\/sv\/wp-json\/wp\/v2\/pages"}],"about":[{"href":"https:\/\/www.discgolfpark.com\/sv\/wp-json\/wp\/v2\/types\/page"}],"author":[{"embeddable":true,"href":"https:\/\/www.discgolfpark.com\/sv\/wp-json\/wp\/v2\/users\/33"}],"replies":[{"embeddable":true,"href":"https:\/\/www.discgolfpark.com\/sv\/wp-json\/wp\/v2\/comments?post=5477"}],"version-history":[{"count":3,"href":"https:\/\/www.discgolfpark.com\/sv\/wp-json\/wp\/v2\/pages\/5477\/revisions"}],"predecessor-version":[{"id":12656,"href":"https:\/\/www.discgolfpark.com\/sv\/wp-json\/wp\/v2\/pages\/5477\/revisions\/12656"}],"up":[{"embeddable":true,"href":"https:\/\/www.discgolfpark.com\/sv\/wp-json\/wp\/v2\/pages\/5473"}],"wp:featuredmedia":[{"embeddable":true,"href":"https:\/\/www.discgolfpark.com\/sv\/wp-json\/wp\/v2\/media\/3944"}],"wp:attachment":[{"href":"https:\/\/www.discgolfpark.com\/sv\/wp-json\/wp\/v2\/media?parent=5477"}],"curies":[{"name":"wp","href":"https:\/\/api.w.org\/{rel}","templated":true}]}}