{"id":5475,"date":"2018-03-27T22:22:59","date_gmt":"2018-03-27T20:22:59","guid":{"rendered":"http:\/\/www.discgolfpark.com\/?page_id=5475"},"modified":"2022-01-28T10:09:52","modified_gmt":"2022-01-28T08:09:52","slug":"bandesign","status":"publish","type":"page","link":"https:\/\/www.discgolfpark.com\/sv\/discgolfpark\/tjanster\/bandesign\/","title":{"rendered":"Bandesign"},"content":{"rendered":"","protected":false},"excerpt":{"rendered":"<p>Bandesign En professionellt ritad discgolfbana \u00e4r en betydande faktor f\u00f6r att ha framg\u00e5ng i l\u00e5nga loppet. V\u00e5r designer b\u00f6rjar med en rekommendation av plats f\u00f6r en bana, terr\u00e4ng, dess unika egenskaper och eventuella aktiviteter i omr\u00e5det tas med i ber\u00e4kningarna. D\u00e4refter kommer en \u00f6vergripande utformning ske, m\u00e4tning av h\u00e5lens l\u00e4ngd och best\u00e4mma h\u00e5lens par. Koncept [&#8230;]<\/p>\n<p><a class=\"btn btn-secondary understrap-read-more-link\" href=\"https:\/\/www.discgolfpark.com\/sv\/discgolfpark\/tjanster\/bandesign\/\">L\u00e4s mer&#8230;<span class=\"screen-reader-text\"> from Bandesign<\/span><\/a><\/p>\n","protected":false},"author":33,"featured_media":6638,"parent":5473,"menu_order":0,"comment_status":"closed","ping_status":"closed","template":"page-templates\/page-with-sidebar.php","meta":[],"acf":[],"_links":{"self":[{"href":"https:\/\/www.discgolfpark.com\/sv\/wp-json\/wp\/v2\/pages\/5475"}],"collection":[{"href":"https:\/\/www.discgolfpark.com\/sv\/wp-json\/wp\/v2\/pages"}],"about":[{"href":"https:\/\/www.discgolfpark.com\/sv\/wp-json\/wp\/v2\/types\/page"}],"author":[{"embeddable":true,"href":"https:\/\/www.discgolfpark.com\/sv\/wp-json\/wp\/v2\/users\/33"}],"replies":[{"embeddable":true,"href":"https:\/\/www.discgolfpark.com\/sv\/wp-json\/wp\/v2\/comments?post=5475"}],"version-history":[{"count":4,"href":"https:\/\/www.discgolfpark.com\/sv\/wp-json\/wp\/v2\/pages\/5475\/revisions"}],"predecessor-version":[{"id":12655,"href":"https:\/\/www.discgolfpark.com\/sv\/wp-json\/wp\/v2\/pages\/5475\/revisions\/12655"}],"up":[{"embeddable":true,"href":"https:\/\/www.discgolfpark.com\/sv\/wp-json\/wp\/v2\/pages\/5473"}],"wp:featuredmedia":[{"embeddable":true,"href":"https:\/\/www.discgolfpark.com\/sv\/wp-json\/wp\/v2\/media\/6638"}],"wp:attachment":[{"href":"https:\/\/www.discgolfpark.com\/sv\/wp-json\/wp\/v2\/media?parent=5475"}],"curies":[{"name":"wp","href":"https:\/\/api.w.org\/{rel}","templated":true}]}}