{"id":5471,"date":"2018-03-27T22:22:30","date_gmt":"2018-03-27T20:22:30","guid":{"rendered":"http:\/\/www.discgolfpark.com\/?page_id=5471"},"modified":"2018-04-10T17:29:09","modified_gmt":"2018-04-10T15:29:09","slug":"teesign","status":"publish","type":"page","link":"https:\/\/www.discgolfpark.com\/sv\/discgolfpark\/produkter\/teesign\/","title":{"rendered":"TeeSign"},"content":{"rendered":"","protected":false},"excerpt":{"rendered":"<p>TeeSign -h\u00e5lskylt TeeSign \u00e4r designad unikt f\u00f6r discgolf. Den erbjuder information som \u00e4r v\u00e4sentligt f\u00f6r h\u00e5let och g\u00f6r hela upplevelsen mer njutbar och komplett. Kartan skrivs ut och lamineras p\u00e5 ett UV-skyddat klisterm\u00e4rke som d\u00e4rp\u00e5 f\u00e4sts p\u00e5 en stabil aluminiumplatta. Dess h\u00e5llbara konstruktion och pulverlackerad metallkropp g\u00f6r att v\u00e5r TeeSign kan utst\u00e5 ur och skur [&#8230;]<\/p>\n<p><a class=\"btn btn-secondary understrap-read-more-link\" href=\"https:\/\/www.discgolfpark.com\/sv\/discgolfpark\/produkter\/teesign\/\">L\u00e4s mer&#8230;<span class=\"screen-reader-text\"> from TeeSign<\/span><\/a><\/p>\n","protected":false},"author":33,"featured_media":0,"parent":5459,"menu_order":0,"comment_status":"closed","ping_status":"closed","template":"page-templates\/product.php","meta":[],"acf":[],"_links":{"self":[{"href":"https:\/\/www.discgolfpark.com\/sv\/wp-json\/wp\/v2\/pages\/5471"}],"collection":[{"href":"https:\/\/www.discgolfpark.com\/sv\/wp-json\/wp\/v2\/pages"}],"about":[{"href":"https:\/\/www.discgolfpark.com\/sv\/wp-json\/wp\/v2\/types\/page"}],"author":[{"embeddable":true,"href":"https:\/\/www.discgolfpark.com\/sv\/wp-json\/wp\/v2\/users\/33"}],"replies":[{"embeddable":true,"href":"https:\/\/www.discgolfpark.com\/sv\/wp-json\/wp\/v2\/comments?post=5471"}],"version-history":[{"count":3,"href":"https:\/\/www.discgolfpark.com\/sv\/wp-json\/wp\/v2\/pages\/5471\/revisions"}],"predecessor-version":[{"id":5863,"href":"https:\/\/www.discgolfpark.com\/sv\/wp-json\/wp\/v2\/pages\/5471\/revisions\/5863"}],"up":[{"embeddable":true,"href":"https:\/\/www.discgolfpark.com\/sv\/wp-json\/wp\/v2\/pages\/5459"}],"wp:attachment":[{"href":"https:\/\/www.discgolfpark.com\/sv\/wp-json\/wp\/v2\/media?parent=5471"}],"curies":[{"name":"wp","href":"https:\/\/api.w.org\/{rel}","templated":true}]}}