{"id":5469,"date":"2018-03-27T22:22:15","date_gmt":"2018-03-27T20:22:15","guid":{"rendered":"http:\/\/www.discgolfpark.com\/?page_id=5469"},"modified":"2018-04-10T17:38:14","modified_gmt":"2018-04-10T15:38:14","slug":"teepad","status":"publish","type":"page","link":"https:\/\/www.discgolfpark.com\/sv\/discgolfpark\/produkter\/teepad\/","title":{"rendered":"TeePad"},"content":{"rendered":"","protected":false},"excerpt":{"rendered":"<p>TeePad -utkastplats Vid b\u00f6rjan av varje discgolfh\u00e5l finns utkastplatsen -the tee. P\u00e5 nya popul\u00e4ra discgolfbanor \u00e4r valet konstgr\u00e4s. TeePaden har stor inverkan p\u00e5 helhetsintrycket, k\u00e4nslan och anv\u00e4ndandet av banan. En konstgr\u00e4smatta ser stilig och naturlig ut. Dessutom \u00e4r de h\u00e5llbara och skonsamma f\u00f6r spelarna, n\u00e4r de anv\u00e4nds r\u00e4tt. TeePads erbjuds i tv\u00e5 storlekar: Am och [&#8230;]<\/p>\n<p><a class=\"btn btn-secondary understrap-read-more-link\" href=\"https:\/\/www.discgolfpark.com\/sv\/discgolfpark\/produkter\/teepad\/\">L\u00e4s mer&#8230;<span class=\"screen-reader-text\"> from TeePad<\/span><\/a><\/p>\n","protected":false},"author":33,"featured_media":0,"parent":5459,"menu_order":0,"comment_status":"closed","ping_status":"closed","template":"page-templates\/product.php","meta":[],"acf":[],"_links":{"self":[{"href":"https:\/\/www.discgolfpark.com\/sv\/wp-json\/wp\/v2\/pages\/5469"}],"collection":[{"href":"https:\/\/www.discgolfpark.com\/sv\/wp-json\/wp\/v2\/pages"}],"about":[{"href":"https:\/\/www.discgolfpark.com\/sv\/wp-json\/wp\/v2\/types\/page"}],"author":[{"embeddable":true,"href":"https:\/\/www.discgolfpark.com\/sv\/wp-json\/wp\/v2\/users\/33"}],"replies":[{"embeddable":true,"href":"https:\/\/www.discgolfpark.com\/sv\/wp-json\/wp\/v2\/comments?post=5469"}],"version-history":[{"count":5,"href":"https:\/\/www.discgolfpark.com\/sv\/wp-json\/wp\/v2\/pages\/5469\/revisions"}],"predecessor-version":[{"id":5867,"href":"https:\/\/www.discgolfpark.com\/sv\/wp-json\/wp\/v2\/pages\/5469\/revisions\/5867"}],"up":[{"embeddable":true,"href":"https:\/\/www.discgolfpark.com\/sv\/wp-json\/wp\/v2\/pages\/5459"}],"wp:attachment":[{"href":"https:\/\/www.discgolfpark.com\/sv\/wp-json\/wp\/v2\/media?parent=5469"}],"curies":[{"name":"wp","href":"https:\/\/api.w.org\/{rel}","templated":true}]}}