{"id":5461,"date":"2018-03-27T22:21:08","date_gmt":"2018-03-27T20:21:08","guid":{"rendered":"http:\/\/www.discgolfpark.com\/?page_id=5461"},"modified":"2018-04-10T18:01:36","modified_gmt":"2018-04-10T16:01:36","slug":"infoboard","status":"publish","type":"page","link":"https:\/\/www.discgolfpark.com\/sv\/discgolfpark\/produkter\/infoboard\/","title":{"rendered":"InfoBoard"},"content":{"rendered":"","protected":false},"excerpt":{"rendered":"<p>InfoBoard -informationstavla InfoBoarden \u00e4r den som f\u00e5ngar din blick och uppm\u00e4rksamhet vid b\u00f6rjan av discgolfbanan. P\u00e5 InfoBoarden presenteras banan i sin helhet och alla viktiga detaljer st\u00e5r med p\u00e5 den. Riktlinjer, grundtips och regler \u00e4r l\u00e4tta att f\u00e5 plats med. InfoBoarden \u00e4r tillverkad i Finland och har beviljats nyckelflaggans symbol. [&#8230;]<\/p>\n<p><a class=\"btn btn-secondary understrap-read-more-link\" href=\"https:\/\/www.discgolfpark.com\/sv\/discgolfpark\/produkter\/infoboard\/\">L\u00e4s mer&#8230;<span class=\"screen-reader-text\"> from InfoBoard<\/span><\/a><\/p>\n","protected":false},"author":33,"featured_media":0,"parent":5459,"menu_order":0,"comment_status":"closed","ping_status":"closed","template":"page-templates\/product.php","meta":[],"acf":[],"_links":{"self":[{"href":"https:\/\/www.discgolfpark.com\/sv\/wp-json\/wp\/v2\/pages\/5461"}],"collection":[{"href":"https:\/\/www.discgolfpark.com\/sv\/wp-json\/wp\/v2\/pages"}],"about":[{"href":"https:\/\/www.discgolfpark.com\/sv\/wp-json\/wp\/v2\/types\/page"}],"author":[{"embeddable":true,"href":"https:\/\/www.discgolfpark.com\/sv\/wp-json\/wp\/v2\/users\/33"}],"replies":[{"embeddable":true,"href":"https:\/\/www.discgolfpark.com\/sv\/wp-json\/wp\/v2\/comments?post=5461"}],"version-history":[{"count":5,"href":"https:\/\/www.discgolfpark.com\/sv\/wp-json\/wp\/v2\/pages\/5461\/revisions"}],"predecessor-version":[{"id":5878,"href":"https:\/\/www.discgolfpark.com\/sv\/wp-json\/wp\/v2\/pages\/5461\/revisions\/5878"}],"up":[{"embeddable":true,"href":"https:\/\/www.discgolfpark.com\/sv\/wp-json\/wp\/v2\/pages\/5459"}],"wp:attachment":[{"href":"https:\/\/www.discgolfpark.com\/sv\/wp-json\/wp\/v2\/media?parent=5461"}],"curies":[{"name":"wp","href":"https:\/\/api.w.org\/{rel}","templated":true}]}}