{"id":5457,"date":"2018-03-27T22:20:38","date_gmt":"2018-03-27T20:20:38","guid":{"rendered":"http:\/\/www.discgolfpark.com\/?page_id=5457"},"modified":"2021-10-07T11:12:10","modified_gmt":"2021-10-07T09:12:10","slug":"school-discgolfset","status":"publish","type":"page","link":"https:\/\/www.discgolfpark.com\/sv\/discgolfpark\/koncept\/school-discgolfset\/","title":{"rendered":"School DiscGolfSet"},"content":{"rendered":"","protected":false},"excerpt":{"rendered":"<p>School DiscGolfSet School DiscGolfSet \u00e4r den perfekta l\u00f6sningen f\u00f6r skolor som inte har den yta som beh\u00f6vs f\u00f6r en permanent bana. Man kan till och med f\u00f6rvara de portabla l\u00e4ttviktskorgarna Discmania Lite Pro i klassrummet. Setet inkluderar l\u00e4ttviktskoner i plast f\u00f6r att markera utkast f\u00f6r tempor\u00e4ra h\u00e5l. En f\u00f6rvaringsv\u00e4ska inkluderas s\u00e5 \u00e4ven vilken kan h\u00e5lla [&#8230;]<\/p>\n<p><a class=\"btn btn-secondary understrap-read-more-link\" href=\"https:\/\/www.discgolfpark.com\/sv\/discgolfpark\/koncept\/school-discgolfset\/\">L\u00e4s mer&#8230;<span class=\"screen-reader-text\"> from School DiscGolfSet<\/span><\/a><\/p>\n","protected":false},"author":33,"featured_media":0,"parent":5447,"menu_order":0,"comment_status":"closed","ping_status":"closed","template":"page-templates\/product.php","meta":[],"acf":[],"_links":{"self":[{"href":"https:\/\/www.discgolfpark.com\/sv\/wp-json\/wp\/v2\/pages\/5457"}],"collection":[{"href":"https:\/\/www.discgolfpark.com\/sv\/wp-json\/wp\/v2\/pages"}],"about":[{"href":"https:\/\/www.discgolfpark.com\/sv\/wp-json\/wp\/v2\/types\/page"}],"author":[{"embeddable":true,"href":"https:\/\/www.discgolfpark.com\/sv\/wp-json\/wp\/v2\/users\/33"}],"replies":[{"embeddable":true,"href":"https:\/\/www.discgolfpark.com\/sv\/wp-json\/wp\/v2\/comments?post=5457"}],"version-history":[{"count":3,"href":"https:\/\/www.discgolfpark.com\/sv\/wp-json\/wp\/v2\/pages\/5457\/revisions"}],"predecessor-version":[{"id":12150,"href":"https:\/\/www.discgolfpark.com\/sv\/wp-json\/wp\/v2\/pages\/5457\/revisions\/12150"}],"up":[{"embeddable":true,"href":"https:\/\/www.discgolfpark.com\/sv\/wp-json\/wp\/v2\/pages\/5447"}],"wp:attachment":[{"href":"https:\/\/www.discgolfpark.com\/sv\/wp-json\/wp\/v2\/media?parent=5457"}],"curies":[{"name":"wp","href":"https:\/\/api.w.org\/{rel}","templated":true}]}}