{"id":5453,"date":"2018-03-27T22:20:10","date_gmt":"2018-03-27T20:20:10","guid":{"rendered":"http:\/\/www.discgolfpark.com\/?page_id=5453"},"modified":"2025-11-19T13:17:01","modified_gmt":"2025-11-19T11:17:01","slug":"discgolfpark","status":"publish","type":"page","link":"https:\/\/www.discgolfpark.com\/sv\/discgolfpark\/koncept\/discgolfpark\/","title":{"rendered":"DiscGolfPark\u00ae"},"content":{"rendered":"","protected":false},"excerpt":{"rendered":"<p>Koncept DiscGolfPark\u00ae DiscGolfPark by Discmania \u00e4r ett unikt koncept f\u00f6r banprojektering utvecklat i Finland. Tanken bygger p\u00e5 att bygga sportcenter p\u00e5 ett naturligt och milj\u00f6v\u00e4nligt vis. DiscGolfPark \u00e4r v\u00e4rldens mest popul\u00e4ra helhetsl\u00f6sning f\u00f6r discgolfbanor. DiscGolfPark erbjuder upplevelser f\u00f6r spelare i alla skicklighetsniv\u00e5er, fr\u00e5n nyb\u00f6rjare till t\u00e4vlingsspelare. Genom att investera i en discgolfbana kommer ni att [&#8230;]<\/p>\n<p><a class=\"btn btn-secondary understrap-read-more-link\" href=\"https:\/\/www.discgolfpark.com\/sv\/discgolfpark\/koncept\/discgolfpark\/\">L\u00e4s mer&#8230;<span class=\"screen-reader-text\"> from DiscGolfPark\u00ae<\/span><\/a><\/p>\n","protected":false},"author":33,"featured_media":4014,"parent":5447,"menu_order":0,"comment_status":"closed","ping_status":"closed","template":"page-templates\/page-with-sidebar.php","meta":[],"acf":[],"_links":{"self":[{"href":"https:\/\/www.discgolfpark.com\/sv\/wp-json\/wp\/v2\/pages\/5453"}],"collection":[{"href":"https:\/\/www.discgolfpark.com\/sv\/wp-json\/wp\/v2\/pages"}],"about":[{"href":"https:\/\/www.discgolfpark.com\/sv\/wp-json\/wp\/v2\/types\/page"}],"author":[{"embeddable":true,"href":"https:\/\/www.discgolfpark.com\/sv\/wp-json\/wp\/v2\/users\/33"}],"replies":[{"embeddable":true,"href":"https:\/\/www.discgolfpark.com\/sv\/wp-json\/wp\/v2\/comments?post=5453"}],"version-history":[{"count":15,"href":"https:\/\/www.discgolfpark.com\/sv\/wp-json\/wp\/v2\/pages\/5453\/revisions"}],"predecessor-version":[{"id":17943,"href":"https:\/\/www.discgolfpark.com\/sv\/wp-json\/wp\/v2\/pages\/5453\/revisions\/17943"}],"up":[{"embeddable":true,"href":"https:\/\/www.discgolfpark.com\/sv\/wp-json\/wp\/v2\/pages\/5447"}],"wp:featuredmedia":[{"embeddable":true,"href":"https:\/\/www.discgolfpark.com\/sv\/wp-json\/wp\/v2\/media\/4014"}],"wp:attachment":[{"href":"https:\/\/www.discgolfpark.com\/sv\/wp-json\/wp\/v2\/media?parent=5453"}],"curies":[{"name":"wp","href":"https:\/\/api.w.org\/{rel}","templated":true}]}}