{"id":5445,"date":"2018-03-27T22:18:41","date_gmt":"2018-03-27T20:18:41","guid":{"rendered":"http:\/\/www.discgolfpark.com\/?page_id=5445"},"modified":"2022-01-27T10:28:02","modified_gmt":"2022-01-27T08:28:02","slug":"varfor-discgolf","status":"publish","type":"page","link":"https:\/\/www.discgolfpark.com\/sv\/discgolf\/varfor-discgolf\/","title":{"rendered":"Why Disc Golf?"},"content":{"rendered":"","protected":false},"excerpt":{"rendered":"<p>Disc Golf Discgolfen har tagit stor inspiration fr\u00e5n traditionell golf, men ist\u00e4llet f\u00f6r klubba och boll s\u00e5 anv\u00e4nder man sig av kroppen och en frisbee. Frisbees, eller discar kommer en m\u00e5nga olika former och vikter. Ist\u00e4llet f\u00f6r ett h\u00e5l i marken kastar man discen in i en korg och h\u00e5let \u00e4r f\u00e4rdigspelat. Vinnaren av rundan [&#8230;]<\/p>\n<p><a class=\"btn btn-secondary understrap-read-more-link\" href=\"https:\/\/www.discgolfpark.com\/sv\/discgolf\/varfor-discgolf\/\">L\u00e4s mer&#8230;<span class=\"screen-reader-text\"> from Why Disc Golf?<\/span><\/a><\/p>\n","protected":false},"author":33,"featured_media":4016,"parent":5441,"menu_order":0,"comment_status":"closed","ping_status":"closed","template":"page-templates\/page-with-sidebar.php","meta":[],"acf":[],"_links":{"self":[{"href":"https:\/\/www.discgolfpark.com\/sv\/wp-json\/wp\/v2\/pages\/5445"}],"collection":[{"href":"https:\/\/www.discgolfpark.com\/sv\/wp-json\/wp\/v2\/pages"}],"about":[{"href":"https:\/\/www.discgolfpark.com\/sv\/wp-json\/wp\/v2\/types\/page"}],"author":[{"embeddable":true,"href":"https:\/\/www.discgolfpark.com\/sv\/wp-json\/wp\/v2\/users\/33"}],"replies":[{"embeddable":true,"href":"https:\/\/www.discgolfpark.com\/sv\/wp-json\/wp\/v2\/comments?post=5445"}],"version-history":[{"count":4,"href":"https:\/\/www.discgolfpark.com\/sv\/wp-json\/wp\/v2\/pages\/5445\/revisions"}],"predecessor-version":[{"id":12651,"href":"https:\/\/www.discgolfpark.com\/sv\/wp-json\/wp\/v2\/pages\/5445\/revisions\/12651"}],"up":[{"embeddable":true,"href":"https:\/\/www.discgolfpark.com\/sv\/wp-json\/wp\/v2\/pages\/5441"}],"wp:featuredmedia":[{"embeddable":true,"href":"https:\/\/www.discgolfpark.com\/sv\/wp-json\/wp\/v2\/media\/4016"}],"wp:attachment":[{"href":"https:\/\/www.discgolfpark.com\/sv\/wp-json\/wp\/v2\/media?parent=5445"}],"curies":[{"name":"wp","href":"https:\/\/api.w.org\/{rel}","templated":true}]}}