{"id":5443,"date":"2018-03-27T22:18:24","date_gmt":"2018-03-27T20:18:24","guid":{"rendered":"http:\/\/www.discgolfpark.com\/?page_id=5443"},"modified":"2021-10-25T17:47:34","modified_gmt":"2021-10-25T15:47:34","slug":"case-finland","status":"publish","type":"page","link":"https:\/\/www.discgolfpark.com\/sv\/discgolf\/case-finland\/","title":{"rendered":"Discgolf i Finland"},"content":{"rendered":"","protected":false},"excerpt":{"rendered":"<p>Finland Visste du att det finns fler discgolfbanor \u00e4n golfbanor i Finland? Varje \u00e5r byggs det dussintals nya discgolfbanor i Finland. Sporten v\u00e4xer snabbt i st\u00e4der och kommuner, som \u00e4r villiga att erbjuda nya idrottsformer till sina inv\u00e5nare. \u00c4ven den privata sektorn investerar i discgolfbanor, som de anv\u00e4nder f\u00f6r att erbjuda sina kunder fler aktiviteter. [&#8230;]<\/p>\n<p><a class=\"btn btn-secondary understrap-read-more-link\" href=\"https:\/\/www.discgolfpark.com\/sv\/discgolf\/case-finland\/\">L\u00e4s mer&#8230;<span class=\"screen-reader-text\"> from Discgolf i Finland<\/span><\/a><\/p>\n","protected":false},"author":33,"featured_media":0,"parent":5441,"menu_order":0,"comment_status":"closed","ping_status":"closed","template":"page-templates\/page-with-sidebar.php","meta":[],"acf":[],"_links":{"self":[{"href":"https:\/\/www.discgolfpark.com\/sv\/wp-json\/wp\/v2\/pages\/5443"}],"collection":[{"href":"https:\/\/www.discgolfpark.com\/sv\/wp-json\/wp\/v2\/pages"}],"about":[{"href":"https:\/\/www.discgolfpark.com\/sv\/wp-json\/wp\/v2\/types\/page"}],"author":[{"embeddable":true,"href":"https:\/\/www.discgolfpark.com\/sv\/wp-json\/wp\/v2\/users\/33"}],"replies":[{"embeddable":true,"href":"https:\/\/www.discgolfpark.com\/sv\/wp-json\/wp\/v2\/comments?post=5443"}],"version-history":[{"count":5,"href":"https:\/\/www.discgolfpark.com\/sv\/wp-json\/wp\/v2\/pages\/5443\/revisions"}],"predecessor-version":[{"id":12188,"href":"https:\/\/www.discgolfpark.com\/sv\/wp-json\/wp\/v2\/pages\/5443\/revisions\/12188"}],"up":[{"embeddable":true,"href":"https:\/\/www.discgolfpark.com\/sv\/wp-json\/wp\/v2\/pages\/5441"}],"wp:attachment":[{"href":"https:\/\/www.discgolfpark.com\/sv\/wp-json\/wp\/v2\/media?parent=5443"}],"curies":[{"name":"wp","href":"https:\/\/api.w.org\/{rel}","templated":true}]}}