{"id":5420,"date":"2018-03-27T22:10:15","date_gmt":"2018-03-27T20:10:15","guid":{"rendered":"http:\/\/www.discgolfpark.com\/?page_id=5420"},"modified":"2025-01-21T11:53:42","modified_gmt":"2025-01-21T09:53:42","slug":"kontakta-oss","status":"publish","type":"page","link":"https:\/\/www.discgolfpark.com\/sv\/kontakta\/kontakta-oss\/","title":{"rendered":"Kontakta oss"},"content":{"rendered":"","protected":false},"excerpt":{"rendered":"<p>V\u00e4lj kontakt DiscGolfPark:s Europeiska kontorDiscGolfPark:s Nordamerikanska kontor V\u00e4lj land AfghanistanAlbanienAlgerietAmerikanska Jungfru\u00f6arnaAmerikanska SamoaAndorraAngolaAnguillaAntarktisAntigua och BarbudaArgentinaArmenienArubaAustralienAzerbajdzjanBahamasBahrainBangladeshBarbadosBelgienBelizeBeninBermudaBhutanBoliviaBosnien och HercegovinaBotswanaBouvet\u00f6nBrasilienBrittiska Jungfru\u00f6arnaBrittiska territoriet i Indiska oceanenBruneiBulgarienBurkina FasoBurundiCayman\u00f6arnaCentralafrikanska republikenChileColombiaCook\u00f6arnaCosta RicaCura\u00e7aoCypernC\u00f4te d\u2019IvoireDanmarkDjiboutiDominicaDominikanska republikenEcuadorEgyptenEkvatorialguineaEl SalvadorEritreaEstlandEtiopienFalklands\u00f6arnaFijiFilippinernaFinlandFrankrikeFranska GuyanaFranska PolynesienFranska sydterritoriernaF\u00e4r\u00f6arnaF\u00f6renade ArabemiratenGabonGambiaGeorgienGhanaGibraltarGreklandGrenadaGr\u00f6nlandGuadeloupeGuamGuatemalaGuernseyGuineaGuinea-BissauGuyanaHaitiHeard\u00f6n och McDonald\u00f6arnaHondurasHongkongIndienIndonesienIrakIranIrlandIslandIsle of ManIsraelItalienJamaicaJapanJemenJerseyJordanienJul\u00f6nKambodjaKamerunKanadaKap VerdeKaribiska Nederl\u00e4ndernaKazakstanKenyaKinaKirgizistanKiribatiKokos\u00f6arnaKomorernaKongo-BrazzavilleKongo-KinshasaKroatienKubaKuwaitLaosLesothoLettlandLibanonLiberiaLibyenLiechtensteinLitauenLuxemburgMacaoMadagaskarMalawiMalaysiaMaldivernaMaliMaltaMarockoMarshall\u00f6arnaMartiniqueMauretanienMauritiusMayotteMexikoMikronesienMo\u00e7ambiqueMoldavienMonacoMongolietMontenegroMontserratMyanmar (Burma)NamibiaNauruNederl\u00e4ndernaNepalNicaraguaNigerNigeriaNiueNordkoreaNordmakedonienNordmarianernaNorfolk\u00f6nNorgeNya KaledonienNya ZeelandOmanPakistanPalauPalestinska territoriernaPanamaPapua Nya GuineaParaguayPeruPitcairn\u00f6arnaPolenPortugalPuerto RicoQatarR\u00e9unionRum\u00e4nienRwandaRysslandS:t Barth\u00e9lemyS:t HelenaS:t Kitts och NevisS:t LuciaS:t Pierre och MiquelonS:t Vincent och [&#8230;]<\/p>\n<p><a class=\"btn btn-secondary understrap-read-more-link\" href=\"https:\/\/www.discgolfpark.com\/sv\/kontakta\/kontakta-oss\/\">L\u00e4s mer&#8230;<span class=\"screen-reader-text\"> from Kontakta oss<\/span><\/a><\/p>\n","protected":false},"author":33,"featured_media":0,"parent":5418,"menu_order":0,"comment_status":"closed","ping_status":"closed","template":"","meta":[],"acf":[],"_links":{"self":[{"href":"https:\/\/www.discgolfpark.com\/sv\/wp-json\/wp\/v2\/pages\/5420"}],"collection":[{"href":"https:\/\/www.discgolfpark.com\/sv\/wp-json\/wp\/v2\/pages"}],"about":[{"href":"https:\/\/www.discgolfpark.com\/sv\/wp-json\/wp\/v2\/types\/page"}],"author":[{"embeddable":true,"href":"https:\/\/www.discgolfpark.com\/sv\/wp-json\/wp\/v2\/users\/33"}],"replies":[{"embeddable":true,"href":"https:\/\/www.discgolfpark.com\/sv\/wp-json\/wp\/v2\/comments?post=5420"}],"version-history":[{"count":3,"href":"https:\/\/www.discgolfpark.com\/sv\/wp-json\/wp\/v2\/pages\/5420\/revisions"}],"predecessor-version":[{"id":17637,"href":"https:\/\/www.discgolfpark.com\/sv\/wp-json\/wp\/v2\/pages\/5420\/revisions\/17637"}],"up":[{"embeddable":true,"href":"https:\/\/www.discgolfpark.com\/sv\/wp-json\/wp\/v2\/pages\/5418"}],"wp:attachment":[{"href":"https:\/\/www.discgolfpark.com\/sv\/wp-json\/wp\/v2\/media?parent=5420"}],"curies":[{"name":"wp","href":"https:\/\/api.w.org\/{rel}","templated":true}]}}