{"id":4127,"date":"2017-12-19T14:43:46","date_gmt":"2017-12-19T14:43:46","guid":{"rendered":"http:\/\/www.discgolfpark.com\/discgolfpark-target\/"},"modified":"2025-11-19T13:26:34","modified_gmt":"2025-11-19T11:26:34","slug":"discgolfpark-pro-target","status":"publish","type":"page","link":"https:\/\/www.discgolfpark.com\/sv\/discgolfpark\/produkter\/discgolfpark-pro-target\/","title":{"rendered":"DiscGolfPark Pro Target"},"content":{"rendered":"","protected":false},"excerpt":{"rendered":"<p>DiscGolfPark Pro Target -korg Kedjeh\u00e5let oftast kallat korg \u00e4r discgolfbanans viktigaste enskilda komponent. D\u00e4rav har vi lagt ner mycket arbete med att utveckla den. Under de sista fem \u00e5ren har DGP-korgar installerats p\u00e5 \u00f6ver 5000 discgolfh\u00e5l runt om i v\u00e4rlden. Den har kommit att bli den mest popul\u00e4ra discgolfkorgen. Denna h\u00f6gst i\u00f6gonfallande korg har allt [&#8230;]<\/p>\n<p><a class=\"btn btn-secondary understrap-read-more-link\" href=\"https:\/\/www.discgolfpark.com\/sv\/discgolfpark\/produkter\/discgolfpark-pro-target\/\">L\u00e4s mer&#8230;<span class=\"screen-reader-text\"> from DiscGolfPark Pro Target<\/span><\/a><\/p>\n","protected":false},"author":1,"featured_media":0,"parent":5459,"menu_order":0,"comment_status":"closed","ping_status":"closed","template":"page-templates\/product.php","meta":[],"acf":[],"_links":{"self":[{"href":"https:\/\/www.discgolfpark.com\/sv\/wp-json\/wp\/v2\/pages\/4127"}],"collection":[{"href":"https:\/\/www.discgolfpark.com\/sv\/wp-json\/wp\/v2\/pages"}],"about":[{"href":"https:\/\/www.discgolfpark.com\/sv\/wp-json\/wp\/v2\/types\/page"}],"author":[{"embeddable":true,"href":"https:\/\/www.discgolfpark.com\/sv\/wp-json\/wp\/v2\/users\/1"}],"replies":[{"embeddable":true,"href":"https:\/\/www.discgolfpark.com\/sv\/wp-json\/wp\/v2\/comments?post=4127"}],"version-history":[{"count":16,"href":"https:\/\/www.discgolfpark.com\/sv\/wp-json\/wp\/v2\/pages\/4127\/revisions"}],"predecessor-version":[{"id":17956,"href":"https:\/\/www.discgolfpark.com\/sv\/wp-json\/wp\/v2\/pages\/4127\/revisions\/17956"}],"up":[{"embeddable":true,"href":"https:\/\/www.discgolfpark.com\/sv\/wp-json\/wp\/v2\/pages\/5459"}],"wp:attachment":[{"href":"https:\/\/www.discgolfpark.com\/sv\/wp-json\/wp\/v2\/media?parent=4127"}],"curies":[{"name":"wp","href":"https:\/\/api.w.org\/{rel}","templated":true}]}}