{"id":2658,"date":"2018-03-22T15:37:05","date_gmt":"2018-03-22T13:37:05","guid":{"rendered":"http:\/\/www.discgolfpark.com\/?page_id=2658"},"modified":"2025-10-20T12:15:38","modified_gmt":"2025-10-20T10:15:38","slug":"hem","status":"publish","type":"page","link":"https:\/\/www.discgolfpark.com\/sv\/","title":{"rendered":"Hem"},"content":{"rendered":"\t\t\t<script src=\"\/\/www.discgolfpark.com\/wp-content\/plugins\/revslider\/public\/assets\/js\/rbtools.min.js?rev=6.5.31\"><\/script>\n\t\t\t<script src=\"\/\/www.discgolfpark.com\/wp-content\/plugins\/revslider\/public\/assets\/js\/rs6.min.js?rev=6.5.31\"><\/script>\n\n\t\t\t<!-- START Home Slider REVOLUTION SLIDER 6.5.31 --><p class=\"rs-p-wp-fix\"><\/p>\n\t\t\t<rs-module-wrap id=\"rev_slider_1_1_wrapper\" data-source=\"gallery\" style=\"visibility:hidden;background:transparent;padding:0;margin:0px auto;margin-top:0;margin-bottom:0;\">\n\t\t\t\t<rs-module id=\"rev_slider_1_1\" style=\"\" data-version=\"6.5.31\">\n\t\t\t\t\t<rs-slides>\n\t\t\t\t\t\t<rs-slide style=\"position: absolute;\" data-key=\"rs-36\" data-title=\"DGP concept SWE\" data-thumb=\"\/\/www.discgolfpark.com\/wp-content\/uploads\/2022\/01\/DSC1352-4-scaled-100x50.jpg\" data-anim=\"adpr:false;ms:400ms;\" data-in=\"o:0;\" data-out=\"a:false;\">\n\t\t\t\t\t\t\t<img src=\"\/\/www.discgolfpark.com\/wp-content\/plugins\/revslider\/public\/assets\/assets\/dummy.png\" alt=\"\" title=\"DiscGolfPark_by_Discmania\" width=\"2560\" height=\"1707\" class=\"rev-slidebg tp-rs-img rs-lazyload\" data-lazyload=\"\/\/www.discgolfpark.com\/wp-content\/uploads\/2022\/01\/DSC1352-4-scaled.jpg\" data-parallax=\"off\" data-no-retina>\n<!--\n\t\t\t\t\t\t\t--><rs-layer\n\t\t\t\t\t\t\t\tid=\"slider-1-slide-36-layer-1\" \n\t\t\t\t\t\t\t\tclass=\"slider-slogan\"\n\t\t\t\t\t\t\t\tdata-type=\"text\"\n\t\t\t\t\t\t\t\tdata-rsp_ch=\"on\"\n\t\t\t\t\t\t\t\tdata-xy=\"xo:142px,31px,29px,14px;y:t,t,t,m;yo:240px,242px,247px,-53px;\"\n\t\t\t\t\t\t\t\tdata-text=\"w:nowrap,normal,normal,normal;s:62,62,48,32;l:50,62,42,32;fw:800;a:inherit;\"\n\t\t\t\t\t\t\t\tdata-dim=\"w:478px,524px,391.78099999999995px,234.188px;\"\n\t\t\t\t\t\t\t\tdata-frame_1=\"st:400;sR:400;\"\n\t\t\t\t\t\t\t\tdata-frame_999=\"o:0;st:6700;sR:6000;\"\n\t\t\t\t\t\t\t\tstyle=\"z-index:8;font-family:'colaborate';\"\n\t\t\t\t\t\t\t>World Leader<br \/>\nin disc golf courses \n\t\t\t\t\t\t\t<\/rs-layer><!--\n\n\t\t\t\t\t\t\t--><rs-layer\n\t\t\t\t\t\t\t\tid=\"slider-1-slide-36-layer-3\" \n\t\t\t\t\t\t\t\tdata-type=\"image\"\n\t\t\t\t\t\t\t\tdata-rsp_ch=\"on\"\n\t\t\t\t\t\t\t\tdata-xy=\"xo:132px,21px,17px,2px;yo:140px,148px,163px,72px;\"\n\t\t\t\t\t\t\t\tdata-text=\"l:22;a:inherit;\"\n\t\t\t\t\t\t\t\tdata-dim=\"w:['400px','400px','400px','400px'];h:81px,74px,74px,74px;\"\n\t\t\t\t\t\t\t\tdata-vbility=\"t,t,f,f\"\n\t\t\t\t\t\t\t\tdata-frame_1=\"st:300;sR:300;\"\n\t\t\t\t\t\t\t\tdata-frame_999=\"o:0;st:6700;sR:6100;\"\n\t\t\t\t\t\t\t\tstyle=\"z-index:9;\"\n\t\t\t\t\t\t\t><img src=\"\/\/www.discgolfpark.com\/wp-content\/plugins\/revslider\/public\/assets\/assets\/dummy.png\" alt=\"\" class=\"tp-rs-img rs-lazyload\" width=\"1200\" height=\"244\" data-lazyload=\"\/\/www.discgolfpark.com\/wp-content\/uploads\/2022\/01\/DiscGolfPark_by_DM_logo_white.png\" data-no-retina> \n\t\t\t\t\t\t\t<\/rs-layer><!--\n\n\t\t\t\t\t\t\t--><rs-layer\n\t\t\t\t\t\t\t\tid=\"slider-1-slide-36-layer-5\" \n\t\t\t\t\t\t\t\tclass=\"rev-btn\"\n\t\t\t\t\t\t\t\tdata-type=\"button\"\n\t\t\t\t\t\t\t\tdata-color=\"rgba(255,255,255,1)\"\n\t\t\t\t\t\t\t\tdata-xy=\"xo:143px,33px,31px,17px;yo:440px,462px,435px,396px;\"\n\t\t\t\t\t\t\t\tdata-text=\"s:20,14,14,14;l:20,14,14,14;fw:500;a:inherit;\"\n\t\t\t\t\t\t\t\tdata-actions='o:click;a:simplelink;target:_self;url:https:\/\/www.discgolfpark.com\/sv\/kontakta\/contact-us\/;'\n\t\t\t\t\t\t\t\tdata-rsp_bd=\"off\"\n\t\t\t\t\t\t\t\tdata-padding=\"t:14,10,10,10;r:42,30,30,30;b:14,10,10,10;l:42,30,30,30;\"\n\t\t\t\t\t\t\t\tdata-border=\"bor:3px,3px,3px,3px;\"\n\t\t\t\t\t\t\t\tdata-frame_1=\"st:600;sR:600;\"\n\t\t\t\t\t\t\t\tdata-frame_999=\"o:0;st:6700;sR:5800;\"\n\t\t\t\t\t\t\t\tdata-frame_hover=\"bgc:rgba(0,158,224,0.85);boc:rgba(0,0,0,0);bor:3px,3px,3px,3px;bos:solid;oX:50;oY:50;sp:0;e:none;\"\n\t\t\t\t\t\t\t\tstyle=\"z-index:10;background-color:#009ee0;font-family:'colaborate';cursor:pointer;outline:none;box-shadow:none;box-sizing:border-box;-moz-box-sizing:border-box;-webkit-box-sizing:border-box;\"\n\t\t\t\t\t\t\t>Fr\u00e5ga efter offert \n\t\t\t\t\t\t\t<\/rs-layer><!--\n\n\t\t\t\t\t\t\t--><rs-layer\n\t\t\t\t\t\t\t\tid=\"slider-1-slide-36-layer-7\" \n\t\t\t\t\t\t\t\tdata-type=\"text\"\n\t\t\t\t\t\t\t\tdata-rsp_ch=\"on\"\n\t\t\t\t\t\t\t\tdata-xy=\"xo:144px,35px,31px,18px;yo:365px,388px,350px,255px;\"\n\t\t\t\t\t\t\t\tdata-text=\"w:normal;l:22;fw:400,400,400,300;a:inherit;\"\n\t\t\t\t\t\t\t\tdata-dim=\"w:490px,460px,416px,284px;h:67px,67px,68px,auto;\"\n\t\t\t\t\t\t\t\tdata-frame_1=\"st:500;sR:500;\"\n\t\t\t\t\t\t\t\tdata-frame_999=\"o:0;st:6700;sR:5900;\"\n\t\t\t\t\t\t\t\tstyle=\"z-index:11;font-family:'colaborate';\"\n\t\t\t\t\t\t\t>L\u00e5t oss skapa en naturlig, funktionell och kostnadseffektiv sportanl\u00e4ggning som alla m\u00e4nniskor kan anv\u00e4nda under m\u00e5nga \u00e5rs tid. \n \n\t\t\t\t\t\t\t<\/rs-layer><!--\n-->\t\t\t\t\t\t<\/rs-slide>\n\t\t\t\t\t\t<rs-slide style=\"position: absolute;\" data-key=\"rs-39\" data-title=\"DGP Target SWE\" data-thumb=\"\/\/www.discgolfpark.com\/wp-content\/uploads\/2021\/07\/1-_DSC2360-scaled-100x50.jpg\" data-anim=\"adpr:false;ms:400;\" data-in=\"o:0;\" data-out=\"a:false;\">\n\t\t\t\t\t\t\t<img src=\"\/\/www.discgolfpark.com\/wp-content\/plugins\/revslider\/public\/assets\/assets\/dummy.png\" alt=\"\" title=\"Disc Golf Center Tampere\" width=\"2560\" height=\"1707\" class=\"rev-slidebg tp-rs-img rs-lazyload\" data-lazyload=\"\/\/www.discgolfpark.com\/wp-content\/uploads\/2021\/07\/1-_DSC2360-scaled.jpg\" data-parallax=\"off\" data-no-retina>\n<!--\n\t\t\t\t\t\t\t--><rs-layer\n\t\t\t\t\t\t\t\tid=\"slider-1-slide-39-layer-1\" \n\t\t\t\t\t\t\t\tclass=\"slider-slogan\"\n\t\t\t\t\t\t\t\tdata-type=\"text\"\n\t\t\t\t\t\t\t\tdata-rsp_ch=\"on\"\n\t\t\t\t\t\t\t\tdata-xy=\"xo:809px,536px,375px,225px;y:t,t,t,m;yo:174px,206px,142px,-88px;\"\n\t\t\t\t\t\t\t\tdata-text=\"w:normal;s:48,48,42,32;l:42,42,38,30;fw:800;a:inherit;\"\n\t\t\t\t\t\t\t\tdata-dim=\"w:456px,488px,455px,261px;\"\n\t\t\t\t\t\t\t\tdata-frame_1=\"st:300;sR:300;\"\n\t\t\t\t\t\t\t\tdata-frame_999=\"o:0;st:6700;sR:6100;\"\n\t\t\t\t\t\t\t\tstyle=\"z-index:8;font-family:'colaborate';\"\n\t\t\t\t\t\t\t>V\u00e4rldens b\u00e4sta bandesigners - till din tj\u00e4nst \n\t\t\t\t\t\t\t<\/rs-layer><!--\n\n\t\t\t\t\t\t\t--><rs-layer\n\t\t\t\t\t\t\t\tid=\"slider-1-slide-39-layer-2\" \n\t\t\t\t\t\t\t\tclass=\"rev-btn\"\n\t\t\t\t\t\t\t\tdata-type=\"button\"\n\t\t\t\t\t\t\t\tdata-color=\"rgba(255,255,255,1)\"\n\t\t\t\t\t\t\t\tdata-xy=\"xo:811px,539px,376px,227px;yo:383px,416px,343px,345px;\"\n\t\t\t\t\t\t\t\tdata-text=\"s:20,14,14,14;l:20,14,14,14;fw:500;a:inherit;\"\n\t\t\t\t\t\t\t\tdata-actions='o:click;a:simplelink;target:_self;url:https:\/\/www.discgolfpark.com\/sv\/kontakta\/contact-us\/;'\n\t\t\t\t\t\t\t\tdata-rsp_bd=\"off\"\n\t\t\t\t\t\t\t\tdata-padding=\"t:14,10,10,10;r:42,30,30,30;b:14,10,10,10;l:42,30,30,30;\"\n\t\t\t\t\t\t\t\tdata-border=\"bor:3px,3px,3px,3px;\"\n\t\t\t\t\t\t\t\tdata-frame_1=\"st:600;sR:600;\"\n\t\t\t\t\t\t\t\tdata-frame_999=\"o:0;st:6700;sR:5800;\"\n\t\t\t\t\t\t\t\tdata-frame_hover=\"bgc:rgba(0,158,224,0.85);boc:rgba(0,0,0,0);bor:3px,3px,3px,3px;bos:solid;oX:50;oY:50;sp:0;e:none;\"\n\t\t\t\t\t\t\t\tstyle=\"z-index:10;background-color:#009ee0;font-family:'colaborate';cursor:pointer;outline:none;box-shadow:none;box-sizing:border-box;-moz-box-sizing:border-box;-webkit-box-sizing:border-box;\"\n\t\t\t\t\t\t\t>Kontakta oss \n\t\t\t\t\t\t\t<\/rs-layer><!--\n\n\t\t\t\t\t\t\t--><rs-layer\n\t\t\t\t\t\t\t\tid=\"slider-1-slide-39-layer-7\" \n\t\t\t\t\t\t\t\tdata-type=\"text\"\n\t\t\t\t\t\t\t\tdata-rsp_ch=\"on\"\n\t\t\t\t\t\t\t\tdata-xy=\"xo:815px,538px,375px,224px;yo:319px,352px,275px,225px;\"\n\t\t\t\t\t\t\t\tdata-text=\"w:normal;l:22;fw:300;a:inherit;\"\n\t\t\t\t\t\t\t\tdata-dim=\"w:431px,431px,350px,252px;h:auto,auto,auto,91px;\"\n\t\t\t\t\t\t\t\tdata-frame_1=\"st:400;sR:400;\"\n\t\t\t\t\t\t\t\tdata-frame_999=\"o:0;st:6700;sR:6000;\"\n\t\t\t\t\t\t\t\tstyle=\"z-index:10;font-family:'colaborate';\"\n\t\t\t\t\t\t\t>Hemligheten med en s\u00e4ker, funktionell och m\u00e5ngsidig discgolfbana ligger i bandesignen.\n \n\t\t\t\t\t\t\t<\/rs-layer><!--\n-->\t\t\t\t\t\t<\/rs-slide>\n\t\t\t\t\t\t<rs-slide style=\"position: absolute;\" data-key=\"rs-41\" data-title=\"Course design SWE\" data-thumb=\"\/\/www.discgolfpark.com\/wp-content\/uploads\/2022\/01\/DSC0975_by_Discmania-100x50.jpg\" data-anim=\"adpr:false;ms:400;\" data-in=\"o:0;\" data-out=\"a:false;\">\n\t\t\t\t\t\t\t<img src=\"\/\/www.discgolfpark.com\/wp-content\/plugins\/revslider\/public\/assets\/assets\/dummy.png\" alt=\"\" title=\"DiscGolfPark_by_Discmania\" width=\"1920\" height=\"1282\" class=\"rev-slidebg tp-rs-img rs-lazyload\" data-lazyload=\"\/\/www.discgolfpark.com\/wp-content\/uploads\/2022\/01\/DSC0975_by_Discmania.jpg\" data-bg=\"p:0% 65%;\" data-parallax=\"off\" data-no-retina>\n<!--\n\t\t\t\t\t\t\t--><rs-layer\n\t\t\t\t\t\t\t\tid=\"slider-1-slide-41-layer-1\" \n\t\t\t\t\t\t\t\tclass=\"slider-slogan\"\n\t\t\t\t\t\t\t\tdata-type=\"text\"\n\t\t\t\t\t\t\t\tdata-rsp_ch=\"on\"\n\t\t\t\t\t\t\t\tdata-xy=\"xo:685px,526px,294px,185px;y:t,t,t,m;yo:148px,211px,253px,-126px;\"\n\t\t\t\t\t\t\t\tdata-text=\"w:normal;s:48,48,42,32;l:50,42,38,30;fw:800;a:inherit;\"\n\t\t\t\t\t\t\t\tdata-dim=\"w:662px,488px,455px,261px;\"\n\t\t\t\t\t\t\t\tdata-frame_1=\"st:300;sR:300;\"\n\t\t\t\t\t\t\t\tdata-frame_999=\"o:0;st:6700;sR:6100;\"\n\t\t\t\t\t\t\t\tstyle=\"z-index:5;font-family:'colaborate';\"\n\t\t\t\t\t\t\t>Branschledande produkter och innovationer \n\t\t\t\t\t\t\t<\/rs-layer><!--\n\n\t\t\t\t\t\t\t--><rs-layer\n\t\t\t\t\t\t\t\tid=\"slider-1-slide-41-layer-4\" \n\t\t\t\t\t\t\t\tclass=\"rev-btn\"\n\t\t\t\t\t\t\t\tdata-type=\"button\"\n\t\t\t\t\t\t\t\tdata-color=\"rgba(255,255,255,1)\"\n\t\t\t\t\t\t\t\tdata-xy=\"xo:689px,528px,295px,185px;yo:352px,428px,423px,295px;\"\n\t\t\t\t\t\t\t\tdata-text=\"s:20,14,14,14;l:20,14,14,14;fw:500;a:inherit;\"\n\t\t\t\t\t\t\t\tdata-actions='o:click;a:simplelink;target:_self;url:https:\/\/www.discgolfpark.com\/sv\/discgolfpark\/koncept\/discgolfpark\/;'\n\t\t\t\t\t\t\t\tdata-rsp_bd=\"off\"\n\t\t\t\t\t\t\t\tdata-padding=\"t:14,10,10,10;r:42,30,30,30;b:14,10,10,10;l:42,30,30,30;\"\n\t\t\t\t\t\t\t\tdata-border=\"bor:3px,3px,3px,3px;\"\n\t\t\t\t\t\t\t\tdata-frame_1=\"st:600;sR:600;\"\n\t\t\t\t\t\t\t\tdata-frame_999=\"o:0;st:6700;sR:5800;\"\n\t\t\t\t\t\t\t\tdata-frame_hover=\"bgc:rgba(0,158,224,0.85);boc:rgba(0,0,0,0);bor:3px,3px,3px,3px;bos:solid;oX:50;oY:50;sp:0;e:none;\"\n\t\t\t\t\t\t\t\tstyle=\"z-index:10;background-color:#009ee0;font-family:'colaborate';cursor:pointer;outline:none;box-shadow:none;box-sizing:border-box;-moz-box-sizing:border-box;-webkit-box-sizing:border-box;\"\n\t\t\t\t\t\t\t>L\u00e4s mer \n\t\t\t\t\t\t\t<\/rs-layer><!--\n\n\t\t\t\t\t\t\t--><rs-layer\n\t\t\t\t\t\t\t\tid=\"slider-1-slide-41-layer-7\" \n\t\t\t\t\t\t\t\tdata-type=\"text\"\n\t\t\t\t\t\t\t\tdata-rsp_ch=\"on\"\n\t\t\t\t\t\t\t\tdata-xy=\"xo:687px,527px,295px,185px;yo:282px,357px,352px,194px;\"\n\t\t\t\t\t\t\t\tdata-text=\"w:normal;l:22;fw:300;a:inherit;\"\n\t\t\t\t\t\t\t\tdata-dim=\"w:431px,431px,431px,252px;h:auto,auto,auto,91px;\"\n\t\t\t\t\t\t\t\tdata-frame_1=\"st:400;sR:400;\"\n\t\t\t\t\t\t\t\tdata-frame_999=\"o:0;st:6700;sR:6000;\"\n\t\t\t\t\t\t\t\tstyle=\"z-index:7;font-family:'colaborate';\"\n\t\t\t\t\t\t\t>DiscGolfParks produkter \u00e4r redan installerade p\u00e5 hundratals banor, v\u00e4rlden \u00f6ver. \n\t\t\t\t\t\t\t<\/rs-layer><!--\n-->\t\t\t\t\t\t<\/rs-slide>\n\t\t\t\t\t<\/rs-slides>\n\t\t\t\t<\/rs-module>\n\t\t\t\t<script>\n\t\t\t\t\tsetREVStartSize({c: 'rev_slider_1_1',rl:[1240,1024,778,480],el:[600,768,778,480],gw:[1400,1024,778,480],gh:[600,768,778,480],type:'standard',justify:'',layout:'fullwidth',mh:\"0\"});if (window.RS_MODULES!==undefined && window.RS_MODULES.modules!==undefined && window.RS_MODULES.modules[\"revslider11\"]!==undefined) {window.RS_MODULES.modules[\"revslider11\"].once = false;window.revapi1 = undefined;if (window.RS_MODULES.checkMinimal!==undefined) window.RS_MODULES.checkMinimal()}\n\t\t\t\t<\/script>\n\t\t\t<\/rs-module-wrap>\n\t\t\t<!-- END REVOLUTION SLIDER -->\n\n","protected":false},"excerpt":{"rendered":"<p> [&#8230;]<\/p>\n<p><a class=\"btn btn-secondary understrap-read-more-link\" href=\"https:\/\/www.discgolfpark.com\/sv\/\">L\u00e4s mer&#8230;<span class=\"screen-reader-text\"> from Hem<\/span><\/a><\/p>\n","protected":false},"author":1,"featured_media":0,"parent":0,"menu_order":0,"comment_status":"closed","ping_status":"open","template":"page-templates\/home.php","meta":[],"acf":[],"_links":{"self":[{"href":"https:\/\/www.discgolfpark.com\/sv\/wp-json\/wp\/v2\/pages\/2658"}],"collection":[{"href":"https:\/\/www.discgolfpark.com\/sv\/wp-json\/wp\/v2\/pages"}],"about":[{"href":"https:\/\/www.discgolfpark.com\/sv\/wp-json\/wp\/v2\/types\/page"}],"author":[{"embeddable":true,"href":"https:\/\/www.discgolfpark.com\/sv\/wp-json\/wp\/v2\/users\/1"}],"replies":[{"embeddable":true,"href":"https:\/\/www.discgolfpark.com\/sv\/wp-json\/wp\/v2\/comments?post=2658"}],"version-history":[{"count":39,"href":"https:\/\/www.discgolfpark.com\/sv\/wp-json\/wp\/v2\/pages\/2658\/revisions"}],"predecessor-version":[{"id":17859,"href":"https:\/\/www.discgolfpark.com\/sv\/wp-json\/wp\/v2\/pages\/2658\/revisions\/17859"}],"wp:attachment":[{"href":"https:\/\/www.discgolfpark.com\/sv\/wp-json\/wp\/v2\/media?parent=2658"}],"curies":[{"name":"wp","href":"https:\/\/api.w.org\/{rel}","templated":true}]}}