{"id":12282,"date":"2018-05-17T12:51:20","date_gmt":"2018-05-17T10:51:20","guid":{"rendered":"https:\/\/www.discgolfpark.com\/kontakta\/contact-information\/"},"modified":"2025-11-12T08:11:52","modified_gmt":"2025-11-12T06:11:52","slug":"contact-us","status":"publish","type":"page","link":"https:\/\/www.discgolfpark.com\/sv\/kontakta\/contact-us\/","title":{"rendered":"Kontakta Oss"},"content":{"rendered":"","protected":false},"excerpt":{"rendered":"<p>V\u00e4lj kontakt DiscGolfPark:s Europeiska kontorDiscGolfPark:s Nordamerikanska kontor V\u00e4lj land AfghanistanAlbanienAlgerietAmerikanska Jungfru\u00f6arnaAmerikanska SamoaAndorraAngolaAnguillaAntarktisAntigua och BarbudaArgentinaArmenienArubaAustralienAzerbajdzjanBahamasBahrainBangladeshBarbadosBelgienBelizeBeninBermudaBhutanBoliviaBosnien och HercegovinaBotswanaBouvet\u00f6nBrasilienBrittiska Jungfru\u00f6arnaBrittiska territoriet i Indiska oceanenBruneiBulgarienBurkina FasoBurundiCayman\u00f6arnaCentralafrikanska republikenChileColombiaCook\u00f6arnaCosta RicaCura\u00e7aoCypernC\u00f4te d\u2019IvoireDanmarkDjiboutiDominicaDominikanska republikenEcuadorEgyptenEkvatorialguineaEl SalvadorEritreaEstlandEtiopienFalklands\u00f6arnaFijiFilippinernaFinlandFrankrikeFranska GuyanaFranska PolynesienFranska sydterritoriernaF\u00e4r\u00f6arnaF\u00f6renade ArabemiratenGabonGambiaGeorgienGhanaGibraltarGreklandGrenadaGr\u00f6nlandGuadeloupeGuamGuatemalaGuernseyGuineaGuinea-BissauGuyanaHaitiHeard\u00f6n och McDonald\u00f6arnaHondurasHongkongIndienIndonesienIrakIranIrlandIslandIsle of ManIsraelItalienJamaicaJapanJemenJerseyJordanienJul\u00f6nKambodjaKamerunKanadaKap VerdeKaribiska Nederl\u00e4ndernaKazakstanKenyaKinaKirgizistanKiribatiKokos\u00f6arnaKomorernaKongo-BrazzavilleKongo-KinshasaKroatienKubaKuwaitLaosLesothoLettlandLibanonLiberiaLibyenLiechtensteinLitauenLuxemburgMacaoMadagaskarMalawiMalaysiaMaldivernaMaliMaltaMarockoMarshall\u00f6arnaMartiniqueMauretanienMauritiusMayotteMexikoMikronesienMo\u00e7ambiqueMoldavienMonacoMongolietMontenegroMontserratMyanmar (Burma)NamibiaNauruNederl\u00e4ndernaNepalNicaraguaNigerNigeriaNiueNordkoreaNordmakedonienNordmarianernaNorfolk\u00f6nNorgeNya KaledonienNya ZeelandOmanPakistanPalauPalestinska territoriernaPanamaPapua Nya GuineaParaguayPeruPitcairn\u00f6arnaPolenPortugalPuerto RicoQatarR\u00e9unionRum\u00e4nienRwandaRysslandS:t Barth\u00e9lemyS:t HelenaS:t Kitts och NevisS:t LuciaS:t Pierre och MiquelonS:t Vincent och [&#8230;]<\/p>\n<p><a class=\"btn btn-secondary understrap-read-more-link\" href=\"https:\/\/www.discgolfpark.com\/sv\/kontakta\/contact-us\/\">L\u00e4s mer&#8230;<span class=\"screen-reader-text\"> from Kontakta Oss<\/span><\/a><\/p>\n","protected":false},"author":3,"featured_media":0,"parent":5418,"menu_order":0,"comment_status":"closed","ping_status":"closed","template":"","meta":[],"acf":[],"_links":{"self":[{"href":"https:\/\/www.discgolfpark.com\/sv\/wp-json\/wp\/v2\/pages\/12282"}],"collection":[{"href":"https:\/\/www.discgolfpark.com\/sv\/wp-json\/wp\/v2\/pages"}],"about":[{"href":"https:\/\/www.discgolfpark.com\/sv\/wp-json\/wp\/v2\/types\/page"}],"author":[{"embeddable":true,"href":"https:\/\/www.discgolfpark.com\/sv\/wp-json\/wp\/v2\/users\/3"}],"replies":[{"embeddable":true,"href":"https:\/\/www.discgolfpark.com\/sv\/wp-json\/wp\/v2\/comments?post=12282"}],"version-history":[{"count":32,"href":"https:\/\/www.discgolfpark.com\/sv\/wp-json\/wp\/v2\/pages\/12282\/revisions"}],"predecessor-version":[{"id":17936,"href":"https:\/\/www.discgolfpark.com\/sv\/wp-json\/wp\/v2\/pages\/12282\/revisions\/17936"}],"up":[{"embeddable":true,"href":"https:\/\/www.discgolfpark.com\/sv\/wp-json\/wp\/v2\/pages\/5418"}],"wp:attachment":[{"href":"https:\/\/www.discgolfpark.com\/sv\/wp-json\/wp\/v2\/media?parent=12282"}],"curies":[{"name":"wp","href":"https:\/\/api.w.org\/{rel}","templated":true}]}}