{"id":11633,"date":"2021-08-09T10:04:42","date_gmt":"2021-08-09T08:04:42","guid":{"rendered":"https:\/\/www.discgolfpark.com\/?page_id=11633"},"modified":"2021-08-09T10:04:42","modified_gmt":"2021-08-09T08:04:42","slug":"discgolfpark-visitor-counter","status":"publish","type":"page","link":"https:\/\/www.discgolfpark.com\/sv\/discgolfpark\/produkter\/discgolfpark-visitor-counter\/","title":{"rendered":"DiscGolfPark-visitor counter"},"content":{"rendered":"","protected":false},"excerpt":{"rendered":"<p>DiscGolfPark-visitor counter Discgolfen explosiva tillv\u00e4xt har gjort att det skapas l\u00e5nga k\u00f6er p\u00e5 de mer popul\u00e4ra discgolfbanorna. DiscGolfPark-visitor counter h\u00e5ller koll i realtid p\u00e5 hur m\u00e5nga som anv\u00e4nder banan och visar denna information p\u00e5 internet f\u00f6r discgolfare runt om i landet. Detta hj\u00e4lper spelare att v\u00e4lja vilken bana de vill spela utan f\u00f6r mycket v\u00e4ntetid. [&#8230;]<\/p>\n<p><a class=\"btn btn-secondary understrap-read-more-link\" href=\"https:\/\/www.discgolfpark.com\/sv\/discgolfpark\/produkter\/discgolfpark-visitor-counter\/\">L\u00e4s mer&#8230;<span class=\"screen-reader-text\"> from DiscGolfPark-visitor counter<\/span><\/a><\/p>\n","protected":false},"author":3,"featured_media":0,"parent":5459,"menu_order":0,"comment_status":"closed","ping_status":"closed","template":"page-templates\/product.php","meta":[],"acf":[],"_links":{"self":[{"href":"https:\/\/www.discgolfpark.com\/sv\/wp-json\/wp\/v2\/pages\/11633"}],"collection":[{"href":"https:\/\/www.discgolfpark.com\/sv\/wp-json\/wp\/v2\/pages"}],"about":[{"href":"https:\/\/www.discgolfpark.com\/sv\/wp-json\/wp\/v2\/types\/page"}],"author":[{"embeddable":true,"href":"https:\/\/www.discgolfpark.com\/sv\/wp-json\/wp\/v2\/users\/3"}],"replies":[{"embeddable":true,"href":"https:\/\/www.discgolfpark.com\/sv\/wp-json\/wp\/v2\/comments?post=11633"}],"version-history":[{"count":3,"href":"https:\/\/www.discgolfpark.com\/sv\/wp-json\/wp\/v2\/pages\/11633\/revisions"}],"predecessor-version":[{"id":11636,"href":"https:\/\/www.discgolfpark.com\/sv\/wp-json\/wp\/v2\/pages\/11633\/revisions\/11636"}],"up":[{"embeddable":true,"href":"https:\/\/www.discgolfpark.com\/sv\/wp-json\/wp\/v2\/pages\/5459"}],"wp:attachment":[{"href":"https:\/\/www.discgolfpark.com\/sv\/wp-json\/wp\/v2\/media?parent=11633"}],"curies":[{"name":"wp","href":"https:\/\/api.w.org\/{rel}","templated":true}]}}