{"id":11158,"date":"2021-05-03T14:45:41","date_gmt":"2021-05-03T12:45:41","guid":{"rendered":"https:\/\/www.discgolfpark.com\/discgolfpark\/produkter\/deluxe-teesign\/"},"modified":"2021-05-18T08:26:42","modified_gmt":"2021-05-18T06:26:42","slug":"deluxe-teesign","status":"publish","type":"page","link":"https:\/\/www.discgolfpark.com\/sv\/discgolfpark\/produkter\/deluxe-teesign\/","title":{"rendered":"Deluxe TeeSign"},"content":{"rendered":"","protected":false},"excerpt":{"rendered":"<p>Deluxe TeeSign V\u00e5ran Deluxe TeeSign \u00e4r en storlek st\u00f6rre \u00e4n v\u00e5r standardskylt TeeSign, Deluxe \u00e4r designad n\u00e4r det \u00e4r viktigt att vara extra synlig. Deluxe TeeSign g\u00f6r det m\u00f6jligt att presentera information, fairway och kartan i st\u00f6rre format och d\u00e4rmed i h\u00f6gre detaljrikedom. Skylten ger \u00e4ven h\u00f6gre m\u00f6jlighet f\u00f6r synlighet f\u00f6r partners och sponsorer. Grafiken [&#8230;]<\/p>\n<p><a class=\"btn btn-secondary understrap-read-more-link\" href=\"https:\/\/www.discgolfpark.com\/sv\/discgolfpark\/produkter\/deluxe-teesign\/\">L\u00e4s mer&#8230;<span class=\"screen-reader-text\"> from Deluxe TeeSign<\/span><\/a><\/p>\n","protected":false},"author":3,"featured_media":0,"parent":5459,"menu_order":0,"comment_status":"closed","ping_status":"closed","template":"page-templates\/product.php","meta":[],"acf":[],"_links":{"self":[{"href":"https:\/\/www.discgolfpark.com\/sv\/wp-json\/wp\/v2\/pages\/11158"}],"collection":[{"href":"https:\/\/www.discgolfpark.com\/sv\/wp-json\/wp\/v2\/pages"}],"about":[{"href":"https:\/\/www.discgolfpark.com\/sv\/wp-json\/wp\/v2\/types\/page"}],"author":[{"embeddable":true,"href":"https:\/\/www.discgolfpark.com\/sv\/wp-json\/wp\/v2\/users\/3"}],"replies":[{"embeddable":true,"href":"https:\/\/www.discgolfpark.com\/sv\/wp-json\/wp\/v2\/comments?post=11158"}],"version-history":[{"count":5,"href":"https:\/\/www.discgolfpark.com\/sv\/wp-json\/wp\/v2\/pages\/11158\/revisions"}],"predecessor-version":[{"id":11187,"href":"https:\/\/www.discgolfpark.com\/sv\/wp-json\/wp\/v2\/pages\/11158\/revisions\/11187"}],"up":[{"embeddable":true,"href":"https:\/\/www.discgolfpark.com\/sv\/wp-json\/wp\/v2\/pages\/5459"}],"wp:attachment":[{"href":"https:\/\/www.discgolfpark.com\/sv\/wp-json\/wp\/v2\/media?parent=11158"}],"curies":[{"name":"wp","href":"https:\/\/api.w.org\/{rel}","templated":true}]}}