{"id":10818,"date":"2021-02-08T15:53:02","date_gmt":"2021-02-08T13:53:02","guid":{"rendered":"https:\/\/www.discgolfpark.com\/?page_id=10818"},"modified":"2021-02-17T10:34:08","modified_gmt":"2021-02-17T08:34:08","slug":"multigolfpark-mal","status":"publish","type":"page","link":"https:\/\/www.discgolfpark.com\/sv\/discgolfpark\/produkter\/multigolfpark-mal\/","title":{"rendered":"MultiGolfPark-m\u00e5l"},"content":{"rendered":"","protected":false},"excerpt":{"rendered":"<p>M\u00e5let-enheten \u00e4r enskilt multigolfbanans viktigaste komponent. D\u00e4rav har vi lagt ner mycket arbete med att utveckla den. Under 2017 best\u00e4mde vi oss f\u00f6r att kombinera ett footgolfh\u00e5l med v\u00e5r v\u00e4rldsk\u00e4nda discgolfkorg och s\u00e5 f\u00f6ddes MultiGolfPark! Du kan spela tre former av golf (discgolf, fotgolf och parkgolf) i samma m\u00e5l! Under \u00e5ren har vi l\u00e4rt oss [&#8230;]<\/p>\n<p><a class=\"btn btn-secondary understrap-read-more-link\" href=\"https:\/\/www.discgolfpark.com\/sv\/discgolfpark\/produkter\/multigolfpark-mal\/\">L\u00e4s mer&#8230;<span class=\"screen-reader-text\"> from MultiGolfPark-m\u00e5l<\/span><\/a><\/p>\n","protected":false},"author":3,"featured_media":0,"parent":5459,"menu_order":0,"comment_status":"closed","ping_status":"closed","template":"page-templates\/product.php","meta":[],"acf":[],"_links":{"self":[{"href":"https:\/\/www.discgolfpark.com\/sv\/wp-json\/wp\/v2\/pages\/10818"}],"collection":[{"href":"https:\/\/www.discgolfpark.com\/sv\/wp-json\/wp\/v2\/pages"}],"about":[{"href":"https:\/\/www.discgolfpark.com\/sv\/wp-json\/wp\/v2\/types\/page"}],"author":[{"embeddable":true,"href":"https:\/\/www.discgolfpark.com\/sv\/wp-json\/wp\/v2\/users\/3"}],"replies":[{"embeddable":true,"href":"https:\/\/www.discgolfpark.com\/sv\/wp-json\/wp\/v2\/comments?post=10818"}],"version-history":[{"count":6,"href":"https:\/\/www.discgolfpark.com\/sv\/wp-json\/wp\/v2\/pages\/10818\/revisions"}],"predecessor-version":[{"id":10839,"href":"https:\/\/www.discgolfpark.com\/sv\/wp-json\/wp\/v2\/pages\/10818\/revisions\/10839"}],"up":[{"embeddable":true,"href":"https:\/\/www.discgolfpark.com\/sv\/wp-json\/wp\/v2\/pages\/5459"}],"wp:attachment":[{"href":"https:\/\/www.discgolfpark.com\/sv\/wp-json\/wp\/v2\/media?parent=10818"}],"curies":[{"name":"wp","href":"https:\/\/api.w.org\/{rel}","templated":true}]}}