{"id":10568,"date":"2020-12-18T11:02:17","date_gmt":"2020-12-18T09:02:17","guid":{"rendered":"https:\/\/www.discgolfpark.com\/discgolfpark-world\/"},"modified":"2021-06-01T08:09:33","modified_gmt":"2021-06-01T06:09:33","slug":"discgolfpark-world","status":"publish","type":"page","link":"https:\/\/www.discgolfpark.com\/sv\/discgolfpark\/koncept\/discgolfpark-world\/","title":{"rendered":"DiscGolfPark World"},"content":{"rendered":"","protected":false},"excerpt":{"rendered":"<p>DiscGolfPark World konceptet Konceptet DiscGolfPark World inneh\u00e5ller banor av flera olika karakt\u00e4rer och kategorier p\u00e5 en och samma plats. Allt ifr\u00e5n nyb\u00f6rjarv\u00e4nliga layouter till banor f\u00f6r elitt\u00e4vlingar. Vi rekommenderar en MultiGolfPark med korta fairways som den allra l\u00e4ttaste banan f\u00f6r nya spelare. DiscGolfPark World \u00e4r framtagen fr\u00e4mst f\u00f6r resorter. Exempelvis som aktivitetscenter f\u00f6r en skidort [&#8230;]<\/p>\n<p><a class=\"btn btn-secondary understrap-read-more-link\" href=\"https:\/\/www.discgolfpark.com\/sv\/discgolfpark\/koncept\/discgolfpark-world\/\">L\u00e4s mer&#8230;<span class=\"screen-reader-text\"> from DiscGolfPark World<\/span><\/a><\/p>\n","protected":false},"author":3,"featured_media":10519,"parent":5447,"menu_order":0,"comment_status":"closed","ping_status":"closed","template":"page-templates\/page-with-sidebar.php","meta":[],"acf":[],"_links":{"self":[{"href":"https:\/\/www.discgolfpark.com\/sv\/wp-json\/wp\/v2\/pages\/10568"}],"collection":[{"href":"https:\/\/www.discgolfpark.com\/sv\/wp-json\/wp\/v2\/pages"}],"about":[{"href":"https:\/\/www.discgolfpark.com\/sv\/wp-json\/wp\/v2\/types\/page"}],"author":[{"embeddable":true,"href":"https:\/\/www.discgolfpark.com\/sv\/wp-json\/wp\/v2\/users\/3"}],"replies":[{"embeddable":true,"href":"https:\/\/www.discgolfpark.com\/sv\/wp-json\/wp\/v2\/comments?post=10568"}],"version-history":[{"count":3,"href":"https:\/\/www.discgolfpark.com\/sv\/wp-json\/wp\/v2\/pages\/10568\/revisions"}],"predecessor-version":[{"id":11231,"href":"https:\/\/www.discgolfpark.com\/sv\/wp-json\/wp\/v2\/pages\/10568\/revisions\/11231"}],"up":[{"embeddable":true,"href":"https:\/\/www.discgolfpark.com\/sv\/wp-json\/wp\/v2\/pages\/5447"}],"wp:featuredmedia":[{"embeddable":true,"href":"https:\/\/www.discgolfpark.com\/sv\/wp-json\/wp\/v2\/media\/10519"}],"wp:attachment":[{"href":"https:\/\/www.discgolfpark.com\/sv\/wp-json\/wp\/v2\/media?parent=10568"}],"curies":[{"name":"wp","href":"https:\/\/api.w.org\/{rel}","templated":true}]}}