{"id":7811,"date":"2020-03-16T15:11:06","date_gmt":"2020-03-16T13:11:06","guid":{"rendered":"https:\/\/www.discgolfpark.com\/?page_id=7811"},"modified":"2020-03-16T15:35:35","modified_gmt":"2020-03-16T13:35:35","slug":"discgolfpark-target","status":"publish","type":"page","link":"https:\/\/www.discgolfpark.com\/fi\/discgolfpark\/tuotteet\/discgolfpark-target\/","title":{"rendered":"DiscGolfPark Target"},"content":{"rendered":"","protected":false},"excerpt":{"rendered":"<p>DiscGolfPark Target -maalikori Maalikori on frisbeegolfradan t\u00e4rkein tuote. Siksi olemme panostaneet siihen. Korit kest\u00e4v\u00e4t hankalissakin oloissa, kuten eritt\u00e4in korroosioalttiissa olosuhteissa meren rannalla. Vuodesta 2010 l\u00e4htien DiscGolfPark Pro Target on asennettu yli 5000 v\u00e4yl\u00e4lle ymp\u00e4ri maailmaa, ja siit\u00e4 on tullut lajin suosituin kori. T\u00e4ss\u00e4 katseet k\u00e4\u00e4nt\u00e4v\u00e4ss\u00e4 ja kauas n\u00e4kyv\u00e4ss\u00e4 ratkaisussa on kaikki, mit\u00e4 kilpatason korilta vaaditaan [&#8230;]<\/p>\n<p><a class=\"btn btn-secondary understrap-read-more-link\" href=\"https:\/\/www.discgolfpark.com\/fi\/discgolfpark\/tuotteet\/discgolfpark-target\/\">Lue lis\u00e4\u00e4&#8230;<span class=\"screen-reader-text\"> from DiscGolfPark Target<\/span><\/a><\/p>\n","protected":false},"author":33,"featured_media":0,"parent":5311,"menu_order":0,"comment_status":"closed","ping_status":"closed","template":"page-templates\/product.php","meta":[],"acf":[],"_links":{"self":[{"href":"https:\/\/www.discgolfpark.com\/fi\/wp-json\/wp\/v2\/pages\/7811"}],"collection":[{"href":"https:\/\/www.discgolfpark.com\/fi\/wp-json\/wp\/v2\/pages"}],"about":[{"href":"https:\/\/www.discgolfpark.com\/fi\/wp-json\/wp\/v2\/types\/page"}],"author":[{"embeddable":true,"href":"https:\/\/www.discgolfpark.com\/fi\/wp-json\/wp\/v2\/users\/33"}],"replies":[{"embeddable":true,"href":"https:\/\/www.discgolfpark.com\/fi\/wp-json\/wp\/v2\/comments?post=7811"}],"version-history":[{"count":4,"href":"https:\/\/www.discgolfpark.com\/fi\/wp-json\/wp\/v2\/pages\/7811\/revisions"}],"predecessor-version":[{"id":7828,"href":"https:\/\/www.discgolfpark.com\/fi\/wp-json\/wp\/v2\/pages\/7811\/revisions\/7828"}],"up":[{"embeddable":true,"href":"https:\/\/www.discgolfpark.com\/fi\/wp-json\/wp\/v2\/pages\/5311"}],"wp:attachment":[{"href":"https:\/\/www.discgolfpark.com\/fi\/wp-json\/wp\/v2\/media?parent=7811"}],"curies":[{"name":"wp","href":"https:\/\/api.w.org\/{rel}","templated":true}]}}