{"id":5576,"date":"2018-03-29T16:55:06","date_gmt":"2018-03-29T14:55:06","guid":{"rendered":"http:\/\/www.discgolfpark.com\/?page_id=5576"},"modified":"2018-04-11T09:21:27","modified_gmt":"2018-04-11T07:21:27","slug":"rataluokitukset","status":"publish","type":"page","link":"https:\/\/www.discgolfpark.com\/fi\/radat\/rataluokitukset\/","title":{"rendered":"Rataluokitukset"},"content":{"rendered":"","protected":false},"excerpt":{"rendered":"<p>Rataluokitukset Haastavuus Frisbeegolfradat luokitellaan haastavuuden ja varustelutason perusteella. Haastavuus luokitellaan kirjaimilla AAA-A, BB-B, C ja D. Esimerkiksi AAA-luokan rata on t\u00e4ysimittainen kilparata, ja D-luokan rata on aloittelijayst\u00e4v\u00e4llinen koululaisrata. Varustelutaso Lis\u00e4ksi radat luokitellaan numeroilla 1-3 varustelutasonsa mukaan. 1-tason radalla on heittoalustojen lis\u00e4ksi mm. opastej\u00e4rjestelm\u00e4, joten rata on helppo pelata itseohjautuvasti. 3-tason radalla on pelk\u00e4st\u00e4\u00e4n maalikorit. DiscGolfParkit [&#8230;]<\/p>\n<p><a class=\"btn btn-secondary understrap-read-more-link\" href=\"https:\/\/www.discgolfpark.com\/fi\/radat\/rataluokitukset\/\">Lue lis\u00e4\u00e4&#8230;<span class=\"screen-reader-text\"> from Rataluokitukset<\/span><\/a><\/p>\n","protected":false},"author":33,"featured_media":0,"parent":5321,"menu_order":4,"comment_status":"closed","ping_status":"closed","template":"","meta":[],"acf":[],"_links":{"self":[{"href":"https:\/\/www.discgolfpark.com\/fi\/wp-json\/wp\/v2\/pages\/5576"}],"collection":[{"href":"https:\/\/www.discgolfpark.com\/fi\/wp-json\/wp\/v2\/pages"}],"about":[{"href":"https:\/\/www.discgolfpark.com\/fi\/wp-json\/wp\/v2\/types\/page"}],"author":[{"embeddable":true,"href":"https:\/\/www.discgolfpark.com\/fi\/wp-json\/wp\/v2\/users\/33"}],"replies":[{"embeddable":true,"href":"https:\/\/www.discgolfpark.com\/fi\/wp-json\/wp\/v2\/comments?post=5576"}],"version-history":[{"count":5,"href":"https:\/\/www.discgolfpark.com\/fi\/wp-json\/wp\/v2\/pages\/5576\/revisions"}],"predecessor-version":[{"id":5925,"href":"https:\/\/www.discgolfpark.com\/fi\/wp-json\/wp\/v2\/pages\/5576\/revisions\/5925"}],"up":[{"embeddable":true,"href":"https:\/\/www.discgolfpark.com\/fi\/wp-json\/wp\/v2\/pages\/5321"}],"wp:attachment":[{"href":"https:\/\/www.discgolfpark.com\/fi\/wp-json\/wp\/v2\/media?parent=5576"}],"curies":[{"name":"wp","href":"https:\/\/api.w.org\/{rel}","templated":true}]}}