{"id":5390,"date":"2018-03-27T22:05:59","date_gmt":"2018-03-27T20:05:59","guid":{"rendered":"http:\/\/www.discgolfpark.com\/?page_id=5390"},"modified":"2018-03-28T09:51:37","modified_gmt":"2018-03-28T07:51:37","slug":"miksi-frisbeegolf","status":"publish","type":"page","link":"https:\/\/www.discgolfpark.com\/fi\/frisbeegolf\/miksi-frisbeegolf\/","title":{"rendered":"Frisbeegolf"},"content":{"rendered":"","protected":false},"excerpt":{"rendered":"<p>Frisbeegolf Frisbeegolf on nimens\u00e4 mukaisesti golfia frisbeell\u00e4. Lajin perusperiaate on sama kuin perinteisess\u00e4 golfissa. Frisbeegolfradan suorittamiseen k\u00e4ytet\u00e4\u00e4n mailan ja pallon sijaan erilaisia Frisbee- eli liitokiekkoja ja rei\u00e4n sijaan kohteena on metallinen maalikori. Frisbeegolfista on kehittynyt lyhyess\u00e4 ajassa koko perheen harrastus, mutta my\u00f6s ammattilaistason kilpaurheilulaji. Yksi merkitt\u00e4v\u00e4 syy frisbeegolfin suosion kasvuun on lajin edullisuus: harrastamisen alkuun [&#8230;]<\/p>\n<p><a class=\"btn btn-secondary understrap-read-more-link\" href=\"https:\/\/www.discgolfpark.com\/fi\/frisbeegolf\/miksi-frisbeegolf\/\">Lue lis\u00e4\u00e4&#8230;<span class=\"screen-reader-text\"> from Frisbeegolf<\/span><\/a><\/p>\n","protected":false},"author":33,"featured_media":4015,"parent":5329,"menu_order":0,"comment_status":"closed","ping_status":"closed","template":"page-templates\/page-with-sidebar.php","meta":[],"acf":[],"_links":{"self":[{"href":"https:\/\/www.discgolfpark.com\/fi\/wp-json\/wp\/v2\/pages\/5390"}],"collection":[{"href":"https:\/\/www.discgolfpark.com\/fi\/wp-json\/wp\/v2\/pages"}],"about":[{"href":"https:\/\/www.discgolfpark.com\/fi\/wp-json\/wp\/v2\/types\/page"}],"author":[{"embeddable":true,"href":"https:\/\/www.discgolfpark.com\/fi\/wp-json\/wp\/v2\/users\/33"}],"replies":[{"embeddable":true,"href":"https:\/\/www.discgolfpark.com\/fi\/wp-json\/wp\/v2\/comments?post=5390"}],"version-history":[{"count":3,"href":"https:\/\/www.discgolfpark.com\/fi\/wp-json\/wp\/v2\/pages\/5390\/revisions"}],"predecessor-version":[{"id":5564,"href":"https:\/\/www.discgolfpark.com\/fi\/wp-json\/wp\/v2\/pages\/5390\/revisions\/5564"}],"up":[{"embeddable":true,"href":"https:\/\/www.discgolfpark.com\/fi\/wp-json\/wp\/v2\/pages\/5329"}],"wp:featuredmedia":[{"embeddable":true,"href":"https:\/\/www.discgolfpark.com\/fi\/wp-json\/wp\/v2\/media\/4015"}],"wp:attachment":[{"href":"https:\/\/www.discgolfpark.com\/fi\/wp-json\/wp\/v2\/media?parent=5390"}],"curies":[{"name":"wp","href":"https:\/\/api.w.org\/{rel}","templated":true}]}}