{"id":5388,"date":"2018-03-27T22:05:38","date_gmt":"2018-03-27T20:05:38","guid":{"rendered":"http:\/\/www.discgolfpark.com\/?page_id=5388"},"modified":"2020-11-05T08:25:03","modified_gmt":"2020-11-05T06:25:03","slug":"suomi-frisbeegolfin-mallimaa","status":"publish","type":"page","link":"https:\/\/www.discgolfpark.com\/fi\/frisbeegolf\/suomi-frisbeegolfin-mallimaa\/","title":{"rendered":"Suomi &#8211; frisbeegolfin mallimaa"},"content":{"rendered":"","protected":false},"excerpt":{"rendered":"<p>Suomi \u2013 frisbeegolfin mallimaa Frisbeegolfin suosio on kasvanut nopeasti ja Suomessa on jo kymmeni\u00e4 tuhansia frisbeegolfin harrastajia. Frisbeegolf on lajina helppo aloittaa ja oppia, mutta vaikea hallita t\u00e4ysin. Ehk\u00e4 juuri siin\u00e4 piilee lajin vetovoima. Frisbeegolf tarjoaa el\u00e4myksi\u00e4 kaiken ik\u00e4isille sukupuoleen katsomatta. Laji soveltuu erinomaisesti kouluik\u00e4isille ja sen perusteiden oppiminen on nopeaa. Varttuneemmalle v\u00e4elle frisbeegolf tarjoaa [&#8230;]<\/p>\n<p><a class=\"btn btn-secondary understrap-read-more-link\" href=\"https:\/\/www.discgolfpark.com\/fi\/frisbeegolf\/suomi-frisbeegolfin-mallimaa\/\">Lue lis\u00e4\u00e4&#8230;<span class=\"screen-reader-text\"> from Suomi &#8211; frisbeegolfin mallimaa<\/span><\/a><\/p>\n","protected":false},"author":33,"featured_media":0,"parent":5329,"menu_order":0,"comment_status":"closed","ping_status":"closed","template":"page-templates\/page-with-sidebar.php","meta":[],"acf":[],"_links":{"self":[{"href":"https:\/\/www.discgolfpark.com\/fi\/wp-json\/wp\/v2\/pages\/5388"}],"collection":[{"href":"https:\/\/www.discgolfpark.com\/fi\/wp-json\/wp\/v2\/pages"}],"about":[{"href":"https:\/\/www.discgolfpark.com\/fi\/wp-json\/wp\/v2\/types\/page"}],"author":[{"embeddable":true,"href":"https:\/\/www.discgolfpark.com\/fi\/wp-json\/wp\/v2\/users\/33"}],"replies":[{"embeddable":true,"href":"https:\/\/www.discgolfpark.com\/fi\/wp-json\/wp\/v2\/comments?post=5388"}],"version-history":[{"count":4,"href":"https:\/\/www.discgolfpark.com\/fi\/wp-json\/wp\/v2\/pages\/5388\/revisions"}],"predecessor-version":[{"id":9888,"href":"https:\/\/www.discgolfpark.com\/fi\/wp-json\/wp\/v2\/pages\/5388\/revisions\/9888"}],"up":[{"embeddable":true,"href":"https:\/\/www.discgolfpark.com\/fi\/wp-json\/wp\/v2\/pages\/5329"}],"wp:attachment":[{"href":"https:\/\/www.discgolfpark.com\/fi\/wp-json\/wp\/v2\/media?parent=5388"}],"curies":[{"name":"wp","href":"https:\/\/api.w.org\/{rel}","templated":true}]}}