{"id":5368,"date":"2018-03-27T22:01:55","date_gmt":"2018-03-27T20:01:55","guid":{"rendered":"http:\/\/www.discgolfpark.com\/?page_id=5368"},"modified":"2021-12-14T10:16:42","modified_gmt":"2021-12-14T08:16:42","slug":"tapahtumat-ja-koulutus","status":"publish","type":"page","link":"https:\/\/www.discgolfpark.com\/fi\/discgolfpark\/palvelut\/tapahtumat-ja-koulutus\/","title":{"rendered":"Tapahtumat ja koulutus"},"content":{"rendered":"","protected":false},"excerpt":{"rendered":"<p>Tapahtumat ja koulutukset DiscGolfPark -suunnittelijoiltamme l\u00f6ytyy ylivoimainen kokemus lajin opettamisesta uusille harrastajille. Uudesta radasta saa isoimman hy\u00f6dyn j\u00e4rjest\u00e4m\u00e4ll\u00e4 radalla avajaiset, jonka avulla laji ja uusi harrastuspaikka tuodaan kuntalaisille ja l\u00e4hialueiden harrastajille tutuksi. Pyyd\u00e4 tarjous! Avajaistapahtuma Kun DiscGolfPark otetaan k\u00e4ytt\u00f6\u00f6n, sit\u00e4 on syyt\u00e4 juhlistaa! Uusi frisbeegolfrata saadaan vihitty\u00e4 tehokkaasti k\u00e4ytt\u00f6\u00f6n j\u00e4rjest\u00e4m\u00e4ll\u00e4 avajaistapahtuma. Avajaistapahtumaan kannattaa kutsua kaikki [&#8230;]<\/p>\n<p><a class=\"btn btn-secondary understrap-read-more-link\" href=\"https:\/\/www.discgolfpark.com\/fi\/discgolfpark\/palvelut\/tapahtumat-ja-koulutus\/\">Lue lis\u00e4\u00e4&#8230;<span class=\"screen-reader-text\"> from Tapahtumat ja koulutus<\/span><\/a><\/p>\n","protected":false},"author":33,"featured_media":5896,"parent":5360,"menu_order":4,"comment_status":"closed","ping_status":"closed","template":"","meta":[],"acf":[],"_links":{"self":[{"href":"https:\/\/www.discgolfpark.com\/fi\/wp-json\/wp\/v2\/pages\/5368"}],"collection":[{"href":"https:\/\/www.discgolfpark.com\/fi\/wp-json\/wp\/v2\/pages"}],"about":[{"href":"https:\/\/www.discgolfpark.com\/fi\/wp-json\/wp\/v2\/types\/page"}],"author":[{"embeddable":true,"href":"https:\/\/www.discgolfpark.com\/fi\/wp-json\/wp\/v2\/users\/33"}],"replies":[{"embeddable":true,"href":"https:\/\/www.discgolfpark.com\/fi\/wp-json\/wp\/v2\/comments?post=5368"}],"version-history":[{"count":3,"href":"https:\/\/www.discgolfpark.com\/fi\/wp-json\/wp\/v2\/pages\/5368\/revisions"}],"predecessor-version":[{"id":12278,"href":"https:\/\/www.discgolfpark.com\/fi\/wp-json\/wp\/v2\/pages\/5368\/revisions\/12278"}],"up":[{"embeddable":true,"href":"https:\/\/www.discgolfpark.com\/fi\/wp-json\/wp\/v2\/pages\/5360"}],"wp:featuredmedia":[{"embeddable":true,"href":"https:\/\/www.discgolfpark.com\/fi\/wp-json\/wp\/v2\/media\/5896"}],"wp:attachment":[{"href":"https:\/\/www.discgolfpark.com\/fi\/wp-json\/wp\/v2\/media?parent=5368"}],"curies":[{"name":"wp","href":"https:\/\/api.w.org\/{rel}","templated":true}]}}