{"id":5365,"date":"2018-03-27T22:01:40","date_gmt":"2018-03-27T20:01:40","guid":{"rendered":"http:\/\/www.discgolfpark.com\/?page_id=5365"},"modified":"2021-12-14T10:11:17","modified_gmt":"2021-12-14T08:11:17","slug":"kartoituspalvelu","status":"publish","type":"page","link":"https:\/\/www.discgolfpark.com\/fi\/discgolfpark\/palvelut\/kartoituspalvelu\/","title":{"rendered":"Kartoituspalvelu"},"content":{"rendered":"","protected":false},"excerpt":{"rendered":"<p>Kartoituspalvelut Kartoituspalveluumme kuuluu: Alueen arviointi (v\u00e4ylien m\u00e4\u00e4r\u00e4, radan luokitus, k\u00e4ytt\u00e4j\u00e4ryhm\u00e4, muut huomioitavat asiat) Maaston kartoitus ja erityispiirteiden m\u00e4\u00e4ritys DiscGolfPark-kustannusarvio Pyyd\u00e4 tarjous! Kartoituspalvelumme tarkoittaa mahdolliseen DiscGolfPark-alueeseen tutustumista ennen varsinaista suunnitteluvaihetta. Kartoitus on syyt\u00e4 tehd\u00e4, mik\u00e4li alueen soveltuvuus frisbeegolfiin ei ole varmaa. Voimme kartoittaa yhden p\u00e4iv\u00e4n aikana kolme kohdetta samassa kaupungissa. Kartoituksen tuloksena teemme raportin, jossa alueiden [&#8230;]<\/p>\n<p><a class=\"btn btn-secondary understrap-read-more-link\" href=\"https:\/\/www.discgolfpark.com\/fi\/discgolfpark\/palvelut\/kartoituspalvelu\/\">Lue lis\u00e4\u00e4&#8230;<span class=\"screen-reader-text\"> from Kartoituspalvelu<\/span><\/a><\/p>\n","protected":false},"author":33,"featured_media":4009,"parent":5360,"menu_order":0,"comment_status":"closed","ping_status":"closed","template":"","meta":[],"acf":[],"_links":{"self":[{"href":"https:\/\/www.discgolfpark.com\/fi\/wp-json\/wp\/v2\/pages\/5365"}],"collection":[{"href":"https:\/\/www.discgolfpark.com\/fi\/wp-json\/wp\/v2\/pages"}],"about":[{"href":"https:\/\/www.discgolfpark.com\/fi\/wp-json\/wp\/v2\/types\/page"}],"author":[{"embeddable":true,"href":"https:\/\/www.discgolfpark.com\/fi\/wp-json\/wp\/v2\/users\/33"}],"replies":[{"embeddable":true,"href":"https:\/\/www.discgolfpark.com\/fi\/wp-json\/wp\/v2\/comments?post=5365"}],"version-history":[{"count":4,"href":"https:\/\/www.discgolfpark.com\/fi\/wp-json\/wp\/v2\/pages\/5365\/revisions"}],"predecessor-version":[{"id":12273,"href":"https:\/\/www.discgolfpark.com\/fi\/wp-json\/wp\/v2\/pages\/5365\/revisions\/12273"}],"up":[{"embeddable":true,"href":"https:\/\/www.discgolfpark.com\/fi\/wp-json\/wp\/v2\/pages\/5360"}],"wp:featuredmedia":[{"embeddable":true,"href":"https:\/\/www.discgolfpark.com\/fi\/wp-json\/wp\/v2\/media\/4009"}],"wp:attachment":[{"href":"https:\/\/www.discgolfpark.com\/fi\/wp-json\/wp\/v2\/media?parent=5365"}],"curies":[{"name":"wp","href":"https:\/\/api.w.org\/{rel}","templated":true}]}}