{"id":5362,"date":"2018-03-27T22:00:54","date_gmt":"2018-03-27T20:00:54","guid":{"rendered":"http:\/\/www.discgolfpark.com\/?page_id=5362"},"modified":"2021-12-14T10:10:05","modified_gmt":"2021-12-14T08:10:05","slug":"ratasuunnittelu","status":"publish","type":"page","link":"https:\/\/www.discgolfpark.com\/fi\/discgolfpark\/palvelut\/ratasuunnittelu\/","title":{"rendered":"Ratasuunnittelu"},"content":{"rendered":"","protected":false},"excerpt":{"rendered":"<p>Ratasuunnittelu Frisbeegolfradan huolellinen suunnittelu on ratkaisevan t\u00e4rke\u00e4\u00e4 radan pitk\u00e4aikaisen menestyksen kannalta. Suunnittelijamme l\u00e4htev\u00e4t liikkeelle kartoittamalla parhaan mahdollisen alueen frisbeegolfradan sijoituspaikaksi. Alkukartoituksessa otetaan huomioon maastonmuodot, yksil\u00f6lliset elementit ja alueen mahdolliset muut k\u00e4ytt\u00f6tarkoitukset. Varsinaisessa suunnitteluvaiheessa m\u00e4\u00e4ritet\u00e4\u00e4n tulevan radan pohjapiirros, m\u00e4\u00e4ritet\u00e4\u00e4n v\u00e4ylien pituudet ja par-luvut. DiscGolfPark on ylivoimaisesti suosituin frisbeegolfratakonsepti koko maailmassa. Olemme toteuttaneet yli 600 ratahanketta ja [&#8230;]<\/p>\n<p><a class=\"btn btn-secondary understrap-read-more-link\" href=\"https:\/\/www.discgolfpark.com\/fi\/discgolfpark\/palvelut\/ratasuunnittelu\/\">Lue lis\u00e4\u00e4&#8230;<span class=\"screen-reader-text\"> from Ratasuunnittelu<\/span><\/a><\/p>\n","protected":false},"author":33,"featured_media":6637,"parent":5360,"menu_order":0,"comment_status":"closed","ping_status":"closed","template":"page-templates\/page-with-sidebar.php","meta":[],"acf":[],"_links":{"self":[{"href":"https:\/\/www.discgolfpark.com\/fi\/wp-json\/wp\/v2\/pages\/5362"}],"collection":[{"href":"https:\/\/www.discgolfpark.com\/fi\/wp-json\/wp\/v2\/pages"}],"about":[{"href":"https:\/\/www.discgolfpark.com\/fi\/wp-json\/wp\/v2\/types\/page"}],"author":[{"embeddable":true,"href":"https:\/\/www.discgolfpark.com\/fi\/wp-json\/wp\/v2\/users\/33"}],"replies":[{"embeddable":true,"href":"https:\/\/www.discgolfpark.com\/fi\/wp-json\/wp\/v2\/comments?post=5362"}],"version-history":[{"count":5,"href":"https:\/\/www.discgolfpark.com\/fi\/wp-json\/wp\/v2\/pages\/5362\/revisions"}],"predecessor-version":[{"id":12272,"href":"https:\/\/www.discgolfpark.com\/fi\/wp-json\/wp\/v2\/pages\/5362\/revisions\/12272"}],"up":[{"embeddable":true,"href":"https:\/\/www.discgolfpark.com\/fi\/wp-json\/wp\/v2\/pages\/5360"}],"wp:featuredmedia":[{"embeddable":true,"href":"https:\/\/www.discgolfpark.com\/fi\/wp-json\/wp\/v2\/media\/6637"}],"wp:attachment":[{"href":"https:\/\/www.discgolfpark.com\/fi\/wp-json\/wp\/v2\/media?parent=5362"}],"curies":[{"name":"wp","href":"https:\/\/api.w.org\/{rel}","templated":true}]}}