{"id":5353,"date":"2018-03-27T21:59:36","date_gmt":"2018-03-27T19:59:36","guid":{"rendered":"http:\/\/www.discgolfpark.com\/?page_id=5353"},"modified":"2018-04-10T20:00:29","modified_gmt":"2018-04-10T18:00:29","slug":"teesign","status":"publish","type":"page","link":"https:\/\/www.discgolfpark.com\/fi\/discgolfpark\/tuotteet\/teesign\/","title":{"rendered":"TeeSign"},"content":{"rendered":"","protected":false},"excerpt":{"rendered":"<p>TeeSign-v\u00e4yl\u00e4opasteet TeeSign-v\u00e4yl\u00e4opaste on suunniteltu frisbeegolfia varten. TeeSign kertoo frisbeegolfradan k\u00e4ytt\u00e4j\u00e4lle oleelliset tiedot ja parantaa radan pelattavuutta t\u00e4rke\u00e4t turvallisuusn\u00e4k\u00f6kohdat huomioiden. Opasteet tulostetaan ja laminoidaan UV-suojatulle tarratulosteelle, joka kiinnitet\u00e4\u00e4n tukevalle metallialustalle. Kest\u00e4v\u00e4 rakenne ja pulverimaalattu runko varmistavat v\u00e4yl\u00e4opasteiden ymp\u00e4rivuotisen k\u00e4yt\u00f6n ja kest\u00e4vyyden. TeeSign valmistetaan Suomessa ja tuotteelle on my\u00f6nnetty avainlipputunnus. TeeSign-opasteet suunnitellaan aina yksil\u00f6llisesti vastaamaan projektin vaatimuksia. [&#8230;]<\/p>\n<p><a class=\"btn btn-secondary understrap-read-more-link\" href=\"https:\/\/www.discgolfpark.com\/fi\/discgolfpark\/tuotteet\/teesign\/\">Lue lis\u00e4\u00e4&#8230;<span class=\"screen-reader-text\"> from TeeSign<\/span><\/a><\/p>\n","protected":false},"author":33,"featured_media":0,"parent":5311,"menu_order":0,"comment_status":"closed","ping_status":"closed","template":"page-templates\/product.php","meta":[],"acf":[],"_links":{"self":[{"href":"https:\/\/www.discgolfpark.com\/fi\/wp-json\/wp\/v2\/pages\/5353"}],"collection":[{"href":"https:\/\/www.discgolfpark.com\/fi\/wp-json\/wp\/v2\/pages"}],"about":[{"href":"https:\/\/www.discgolfpark.com\/fi\/wp-json\/wp\/v2\/types\/page"}],"author":[{"embeddable":true,"href":"https:\/\/www.discgolfpark.com\/fi\/wp-json\/wp\/v2\/users\/33"}],"replies":[{"embeddable":true,"href":"https:\/\/www.discgolfpark.com\/fi\/wp-json\/wp\/v2\/comments?post=5353"}],"version-history":[{"count":3,"href":"https:\/\/www.discgolfpark.com\/fi\/wp-json\/wp\/v2\/pages\/5353\/revisions"}],"predecessor-version":[{"id":5911,"href":"https:\/\/www.discgolfpark.com\/fi\/wp-json\/wp\/v2\/pages\/5353\/revisions\/5911"}],"up":[{"embeddable":true,"href":"https:\/\/www.discgolfpark.com\/fi\/wp-json\/wp\/v2\/pages\/5311"}],"wp:attachment":[{"href":"https:\/\/www.discgolfpark.com\/fi\/wp-json\/wp\/v2\/media?parent=5353"}],"curies":[{"name":"wp","href":"https:\/\/api.w.org\/{rel}","templated":true}]}}