{"id":5352,"date":"2018-03-27T21:59:29","date_gmt":"2018-03-27T19:59:29","guid":{"rendered":"http:\/\/www.discgolfpark.com\/?page_id=5352"},"modified":"2018-04-10T20:01:17","modified_gmt":"2018-04-10T18:01:17","slug":"teepad","status":"publish","type":"page","link":"https:\/\/www.discgolfpark.com\/fi\/discgolfpark\/tuotteet\/teepad\/","title":{"rendered":"TeePad"},"content":{"rendered":"","protected":false},"excerpt":{"rendered":"<p>TeePad-heittoalustat Jokainen frisbeegolfv\u00e4yl\u00e4 alkaa heittopaikalta eli tiilt\u00e4. DiscGolfPark toi tekonurmesta tehdyt matot markkinoille ja nyt ne ovat suosituin heittoalustamateriaali. TeePad-heittoalustat vaikuttavat radan yleisilmeeseen ja k\u00e4ytt\u00f6mukavuuteen merkitt\u00e4v\u00e4sti. Tekonurmimatot n\u00e4ytt\u00e4v\u00e4t siisteilt\u00e4 ja luonnollisilta. Lis\u00e4ksi ne ovat oikein hoidettuna pitk\u00e4ik\u00e4isi\u00e4 ja pelaajayst\u00e4v\u00e4llisi\u00e4. Mik\u00e4li rataan t\u00e4ytyy tehd\u00e4 muutoksia tulevaisuudessa, tekonurmimatot ovat esimerkiksi betonisia heittoalustoja helpommat siirt\u00e4\u00e4. TeePad-heittoalustoja on saatavilla [&#8230;]<\/p>\n<p><a class=\"btn btn-secondary understrap-read-more-link\" href=\"https:\/\/www.discgolfpark.com\/fi\/discgolfpark\/tuotteet\/teepad\/\">Lue lis\u00e4\u00e4&#8230;<span class=\"screen-reader-text\"> from TeePad<\/span><\/a><\/p>\n","protected":false},"author":33,"featured_media":0,"parent":5311,"menu_order":0,"comment_status":"closed","ping_status":"closed","template":"page-templates\/product.php","meta":[],"acf":[],"_links":{"self":[{"href":"https:\/\/www.discgolfpark.com\/fi\/wp-json\/wp\/v2\/pages\/5352"}],"collection":[{"href":"https:\/\/www.discgolfpark.com\/fi\/wp-json\/wp\/v2\/pages"}],"about":[{"href":"https:\/\/www.discgolfpark.com\/fi\/wp-json\/wp\/v2\/types\/page"}],"author":[{"embeddable":true,"href":"https:\/\/www.discgolfpark.com\/fi\/wp-json\/wp\/v2\/users\/33"}],"replies":[{"embeddable":true,"href":"https:\/\/www.discgolfpark.com\/fi\/wp-json\/wp\/v2\/comments?post=5352"}],"version-history":[{"count":4,"href":"https:\/\/www.discgolfpark.com\/fi\/wp-json\/wp\/v2\/pages\/5352\/revisions"}],"predecessor-version":[{"id":5915,"href":"https:\/\/www.discgolfpark.com\/fi\/wp-json\/wp\/v2\/pages\/5352\/revisions\/5915"}],"up":[{"embeddable":true,"href":"https:\/\/www.discgolfpark.com\/fi\/wp-json\/wp\/v2\/pages\/5311"}],"wp:attachment":[{"href":"https:\/\/www.discgolfpark.com\/fi\/wp-json\/wp\/v2\/media?parent=5352"}],"curies":[{"name":"wp","href":"https:\/\/api.w.org\/{rel}","templated":true}]}}