{"id":5351,"date":"2018-03-27T21:59:21","date_gmt":"2018-03-27T19:59:21","guid":{"rendered":"http:\/\/www.discgolfpark.com\/?page_id=5351"},"modified":"2018-03-28T08:57:41","modified_gmt":"2018-03-28T06:57:41","slug":"tuotetakuu","status":"publish","type":"page","link":"https:\/\/www.discgolfpark.com\/fi\/discgolfpark\/tuotteet\/tuotetakuu\/","title":{"rendered":"Tuotetakuu"},"content":{"rendered":"<h3>Product Warranty<\/h3>\n<p>DiscGolfPark products are manufactured under strict guidelines. DiscGolfPark products are designed to endure even the harshest weather conditions. We grant a 10-year warranty to all steel bodies of our products and a 3-year warranty for DiscGolfPark\u00ae Target chains. The warranty begins on the day of receiving the product under the warranty conditions described below. In warranty issues we follow requirements defined in consumer protection laws.<\/p>\n<h3>Warranty Conditions<\/h3>\n<ul>\n<li>Manufacturer-defined warranty starts on the day of receiving the product.<\/li>\n<li>The warranty covers deviations caused by material and manufacturing flaws.<\/li>\n<li>In warranty issues, please contact the seller or representative of the product.<\/li>\n<li>The warranty does not cover flaws caused by erroneous installation or assembly of the product.<\/li>\n<li>The warranty does not cover flaws caused by: missing or insufficient maintenance of the product, use of other than original parts, erroneous repair or modification in product structure without manufacturer\u2019s written consent and normal wear and tear.<\/li>\n<li>Flaws or defects in such products or parts that require regular maintenance after receiving the product, are not covered by the warranty. In case the flaw or defect exists, in spite of professional care, the flaw or defect will be covered by the warranty.<\/li>\n<li>Small deviations that do not affect the product\u2019s strength or usability are not covered by the warranty. Such deviations may include small spots in paint, grains in hot-galvanized parts or other surface deviations that are caused by weather changes or otherwise normal use. Flaws covered by the warranty do not include abnormal use of the product.<\/li>\n<li>Flaws caused by transport or incorrect storage of products are not covered by the product warranty.<\/li>\n<li>Product warranty does not cover indirect damage caused by a flawed part.<\/li>\n<li>DiscGolfPark products are delivered as parts and elements together with installation &amp; assembly and maintenance instructions. <a href=\"\/wp-content\/uploads\/2018\/03\/DGP_Installation__maintenance_WEB.pdf\">Installation instructions can also be found here.<\/a><\/li>\n<\/ul>\n","protected":false},"excerpt":{"rendered":"<p>Tuotetakuu DiscGolfPark-tuotteet valmistetaan yli vuosikymmenen kokemuksella tarkkojen m\u00e4\u00e4ritysten mukaan. Ne on suunniteltu kest\u00e4m\u00e4\u00e4n kaikkia s\u00e4\u00e4oloja. My\u00f6nn\u00e4mme 10 vuoden takuun kaikkien tuotteidemme ter\u00e4srungoille ja 3 vuoden takuun DiscGolfPark-maalikorin ketjuille. Takuu alkaa alla kuvattujen takuuehtojen mukaisesti tuotteiden vastaanottop\u00e4iv\u00e4n\u00e4. Noudatamme takuuasioissa kuluttajansuojalakia. Takuuehdot Valmistajan m\u00e4\u00e4rittelem\u00e4 takuu alkaa tuotteen vastaanottop\u00e4iv\u00e4st\u00e4. Takuu kattaa raaka-aine- ja valmistusvirheist\u00e4 johtuvat viat. Takuuasioissa tulee [&#8230;]<\/p>\n<p><a class=\"btn btn-secondary understrap-read-more-link\" href=\"https:\/\/www.discgolfpark.com\/fi\/discgolfpark\/tuotteet\/tuotetakuu\/\">Lue lis\u00e4\u00e4&#8230;<span class=\"screen-reader-text\"> from Tuotetakuu<\/span><\/a><\/p>\n","protected":false},"author":33,"featured_media":0,"parent":5311,"menu_order":0,"comment_status":"closed","ping_status":"closed","template":"","meta":[],"acf":[],"_links":{"self":[{"href":"https:\/\/www.discgolfpark.com\/fi\/wp-json\/wp\/v2\/pages\/5351"}],"collection":[{"href":"https:\/\/www.discgolfpark.com\/fi\/wp-json\/wp\/v2\/pages"}],"about":[{"href":"https:\/\/www.discgolfpark.com\/fi\/wp-json\/wp\/v2\/types\/page"}],"author":[{"embeddable":true,"href":"https:\/\/www.discgolfpark.com\/fi\/wp-json\/wp\/v2\/users\/33"}],"replies":[{"embeddable":true,"href":"https:\/\/www.discgolfpark.com\/fi\/wp-json\/wp\/v2\/comments?post=5351"}],"version-history":[{"count":2,"href":"https:\/\/www.discgolfpark.com\/fi\/wp-json\/wp\/v2\/pages\/5351\/revisions"}],"predecessor-version":[{"id":5547,"href":"https:\/\/www.discgolfpark.com\/fi\/wp-json\/wp\/v2\/pages\/5351\/revisions\/5547"}],"up":[{"embeddable":true,"href":"https:\/\/www.discgolfpark.com\/fi\/wp-json\/wp\/v2\/pages\/5311"}],"wp:attachment":[{"href":"https:\/\/www.discgolfpark.com\/fi\/wp-json\/wp\/v2\/media?parent=5351"}],"curies":[{"name":"wp","href":"https:\/\/api.w.org\/{rel}","templated":true}]}}