{"id":5349,"date":"2018-03-27T21:58:50","date_gmt":"2018-03-27T19:58:50","guid":{"rendered":"http:\/\/www.discgolfpark.com\/?page_id=5349"},"modified":"2021-02-19T12:56:48","modified_gmt":"2021-02-19T10:56:48","slug":"asennus","status":"publish","type":"page","link":"https:\/\/www.discgolfpark.com\/fi\/discgolfpark\/tuotteet\/asennus\/","title":{"rendered":"Asennus"},"content":{"rendered":"","protected":false},"excerpt":{"rendered":"<p>Asennusohjeet T\u00e4\u00e4lt\u00e4 l\u00f6yd\u00e4t DiscGolfPark -tuotteidemme asennusohjeet. PDF-tiedostot saat auki esimerkiksi Adoben PDF reader -ohjelmalla, jonka voit ladata ilmaiseksi t\u00e4\u00e4lt\u00e4. DiscGolfPark -asennusohjeet MultiGolfPark -asennusohjeet [&#8230;]<\/p>\n<p><a class=\"btn btn-secondary understrap-read-more-link\" href=\"https:\/\/www.discgolfpark.com\/fi\/discgolfpark\/tuotteet\/asennus\/\">Lue lis\u00e4\u00e4&#8230;<span class=\"screen-reader-text\"> from Asennus<\/span><\/a><\/p>\n","protected":false},"author":33,"featured_media":0,"parent":5311,"menu_order":0,"comment_status":"closed","ping_status":"closed","template":"page-templates\/product.php","meta":[],"acf":[],"_links":{"self":[{"href":"https:\/\/www.discgolfpark.com\/fi\/wp-json\/wp\/v2\/pages\/5349"}],"collection":[{"href":"https:\/\/www.discgolfpark.com\/fi\/wp-json\/wp\/v2\/pages"}],"about":[{"href":"https:\/\/www.discgolfpark.com\/fi\/wp-json\/wp\/v2\/types\/page"}],"author":[{"embeddable":true,"href":"https:\/\/www.discgolfpark.com\/fi\/wp-json\/wp\/v2\/users\/33"}],"replies":[{"embeddable":true,"href":"https:\/\/www.discgolfpark.com\/fi\/wp-json\/wp\/v2\/comments?post=5349"}],"version-history":[{"count":7,"href":"https:\/\/www.discgolfpark.com\/fi\/wp-json\/wp\/v2\/pages\/5349\/revisions"}],"predecessor-version":[{"id":10875,"href":"https:\/\/www.discgolfpark.com\/fi\/wp-json\/wp\/v2\/pages\/5349\/revisions\/10875"}],"up":[{"embeddable":true,"href":"https:\/\/www.discgolfpark.com\/fi\/wp-json\/wp\/v2\/pages\/5311"}],"wp:attachment":[{"href":"https:\/\/www.discgolfpark.com\/fi\/wp-json\/wp\/v2\/media?parent=5349"}],"curies":[{"name":"wp","href":"https:\/\/api.w.org\/{rel}","templated":true}]}}