{"id":5348,"date":"2018-03-27T21:58:38","date_gmt":"2018-03-27T19:58:38","guid":{"rendered":"http:\/\/www.discgolfpark.com\/?page_id=5348"},"modified":"2018-04-10T18:08:44","modified_gmt":"2018-04-10T16:08:44","slug":"infoboard","status":"publish","type":"page","link":"https:\/\/www.discgolfpark.com\/fi\/discgolfpark\/tuotteet\/infoboard\/","title":{"rendered":"InfoBoard"},"content":{"rendered":"","protected":false},"excerpt":{"rendered":"<p>InfoBoard-opastaulu InfoBoard-opastaulu on frisbeegolfradan l\u00e4ht\u00f6paikan katseenvangitsija. InfoBoard esittelee radan kokonaisuutena tarjoten tietoa jokaisesta v\u00e4yl\u00e4st\u00e4 ja muista rataan liittyvist\u00e4 yleisist\u00e4 huomioista. S\u00e4\u00e4nn\u00f6t ja toimintaohjeet on helppo esitt\u00e4\u00e4 taulussa. InfoBoard on n\u00e4ytt\u00e4v\u00e4 opaste frisbeegolfradan alkuun. Kaikki InfoBoardit valmistetaan Suomessa ja tuotteelle on my\u00f6nnetty avainlipputunnus. InfoBoard suunnitellaan aina yksil\u00f6llisesti vastaamaan projektin vaatimuksia. InfoBoard on helppo toteuttaa asiakkaan haluamissa [&#8230;]<\/p>\n<p><a class=\"btn btn-secondary understrap-read-more-link\" href=\"https:\/\/www.discgolfpark.com\/fi\/discgolfpark\/tuotteet\/infoboard\/\">Lue lis\u00e4\u00e4&#8230;<span class=\"screen-reader-text\"> from InfoBoard<\/span><\/a><\/p>\n","protected":false},"author":33,"featured_media":0,"parent":5311,"menu_order":0,"comment_status":"closed","ping_status":"closed","template":"page-templates\/product.php","meta":[],"acf":[],"_links":{"self":[{"href":"https:\/\/www.discgolfpark.com\/fi\/wp-json\/wp\/v2\/pages\/5348"}],"collection":[{"href":"https:\/\/www.discgolfpark.com\/fi\/wp-json\/wp\/v2\/pages"}],"about":[{"href":"https:\/\/www.discgolfpark.com\/fi\/wp-json\/wp\/v2\/types\/page"}],"author":[{"embeddable":true,"href":"https:\/\/www.discgolfpark.com\/fi\/wp-json\/wp\/v2\/users\/33"}],"replies":[{"embeddable":true,"href":"https:\/\/www.discgolfpark.com\/fi\/wp-json\/wp\/v2\/comments?post=5348"}],"version-history":[{"count":5,"href":"https:\/\/www.discgolfpark.com\/fi\/wp-json\/wp\/v2\/pages\/5348\/revisions"}],"predecessor-version":[{"id":5882,"href":"https:\/\/www.discgolfpark.com\/fi\/wp-json\/wp\/v2\/pages\/5348\/revisions\/5882"}],"up":[{"embeddable":true,"href":"https:\/\/www.discgolfpark.com\/fi\/wp-json\/wp\/v2\/pages\/5311"}],"wp:attachment":[{"href":"https:\/\/www.discgolfpark.com\/fi\/wp-json\/wp\/v2\/media?parent=5348"}],"curies":[{"name":"wp","href":"https:\/\/api.w.org\/{rel}","templated":true}]}}