{"id":5293,"date":"2018-03-27T18:05:51","date_gmt":"2018-03-27T16:05:51","guid":{"rendered":"http:\/\/www.discgolfpark.com\/?page_id=5293"},"modified":"2025-01-22T08:52:44","modified_gmt":"2025-01-22T06:52:44","slug":"school-discgolfpark","status":"publish","type":"page","link":"https:\/\/www.discgolfpark.com\/fi\/discgolfpark\/konseptit\/school-discgolfpark\/","title":{"rendered":"School DiscGolfPark"},"content":{"rendered":"","protected":false},"excerpt":{"rendered":"<p>School DiscGolfPark \u2013 Uusi innostava laji koululiikuntaan! Koululiikunnan tarkoitus on tarjota koululaisille monipuolisia ja hauskoja liikuntamahdollisuuksia, joista saattaisi sytty\u00e4 kipin\u00e4 pitk\u00e4aikaiseenkin liikuntaharrastukseen. Parhaimmat liikkumaan innostavat lajit ovat sellaisia, joissa ei tarvitse kilpailla kuin itse\u00e4\u00e4n vastaan, mutta lajia voi silti harrastaa kavereiden kanssa! School DiscGolfPark tarjoaa koululaisille uuden ja mielenkiintoisen lajin liikuntatunneille. Koululaisrata voidaan sijoittaa pienellekin [&#8230;]<\/p>\n<p><a class=\"btn btn-secondary understrap-read-more-link\" href=\"https:\/\/www.discgolfpark.com\/fi\/discgolfpark\/konseptit\/school-discgolfpark\/\">Lue lis\u00e4\u00e4&#8230;<span class=\"screen-reader-text\"> from School DiscGolfPark<\/span><\/a><\/p>\n","protected":false},"author":33,"featured_media":3879,"parent":5301,"menu_order":0,"comment_status":"closed","ping_status":"closed","template":"page-templates\/page-with-sidebar.php","meta":[],"acf":[],"_links":{"self":[{"href":"https:\/\/www.discgolfpark.com\/fi\/wp-json\/wp\/v2\/pages\/5293"}],"collection":[{"href":"https:\/\/www.discgolfpark.com\/fi\/wp-json\/wp\/v2\/pages"}],"about":[{"href":"https:\/\/www.discgolfpark.com\/fi\/wp-json\/wp\/v2\/types\/page"}],"author":[{"embeddable":true,"href":"https:\/\/www.discgolfpark.com\/fi\/wp-json\/wp\/v2\/users\/33"}],"replies":[{"embeddable":true,"href":"https:\/\/www.discgolfpark.com\/fi\/wp-json\/wp\/v2\/comments?post=5293"}],"version-history":[{"count":5,"href":"https:\/\/www.discgolfpark.com\/fi\/wp-json\/wp\/v2\/pages\/5293\/revisions"}],"predecessor-version":[{"id":17652,"href":"https:\/\/www.discgolfpark.com\/fi\/wp-json\/wp\/v2\/pages\/5293\/revisions\/17652"}],"up":[{"embeddable":true,"href":"https:\/\/www.discgolfpark.com\/fi\/wp-json\/wp\/v2\/pages\/5301"}],"wp:featuredmedia":[{"embeddable":true,"href":"https:\/\/www.discgolfpark.com\/fi\/wp-json\/wp\/v2\/media\/3879"}],"wp:attachment":[{"href":"https:\/\/www.discgolfpark.com\/fi\/wp-json\/wp\/v2\/media?parent=5293"}],"curies":[{"name":"wp","href":"https:\/\/api.w.org\/{rel}","templated":true}]}}