{"id":5255,"date":"2018-03-27T17:50:15","date_gmt":"2018-03-27T15:50:15","guid":{"rendered":"http:\/\/www.discgolfpark.com\/?page_id=5255"},"modified":"2025-11-19T13:18:04","modified_gmt":"2025-11-19T11:18:04","slug":"discgolfpark","status":"publish","type":"page","link":"https:\/\/www.discgolfpark.com\/fi\/discgolfpark\/konseptit\/discgolfpark\/","title":{"rendered":"DiscGolfPark\u00ae"},"content":{"rendered":"","protected":false},"excerpt":{"rendered":"<p>DiscGolfPark-konsepti DiscGolfPark on ainutlaatuinen, Suomessa kehitetty frisbeegolf-ratakonsepti. Se perustuu luonnonmukaiseen liikuntapaikkarakentamiseen. DiscGolfPark on ylivoimaisesti suosituin frisbeegolfradan kokonaisratkaisu Suomessa. DiscGolfPark tarjoaa el\u00e4myksi\u00e4 kaiken tasoisille frisbeegolfin harrastajille, aina vasta-alkajasta kilpapelaajaan. DiscGolfPark -kokonaisratkaisun tilaaja saa investoinnillensa reilusti vastinetta vuosiksi eteenp\u00e4in! &nbsp; Ota kaikki irti uudesta DiscGolfParkista DiscGolfPark-kokonaisratkaisun tilaajat ovat yleens\u00e4 hy\u00f6dynt\u00e4neet my\u00f6s palveluitamme tilaamalla mm. avajaistapahtuman tai koulutuksen [&#8230;]<\/p>\n<p><a class=\"btn btn-secondary understrap-read-more-link\" href=\"https:\/\/www.discgolfpark.com\/fi\/discgolfpark\/konseptit\/discgolfpark\/\">Lue lis\u00e4\u00e4&#8230;<span class=\"screen-reader-text\"> from DiscGolfPark\u00ae<\/span><\/a><\/p>\n","protected":false},"author":33,"featured_media":4013,"parent":5301,"menu_order":0,"comment_status":"closed","ping_status":"closed","template":"page-templates\/page-with-sidebar.php","meta":[],"acf":[],"_links":{"self":[{"href":"https:\/\/www.discgolfpark.com\/fi\/wp-json\/wp\/v2\/pages\/5255"}],"collection":[{"href":"https:\/\/www.discgolfpark.com\/fi\/wp-json\/wp\/v2\/pages"}],"about":[{"href":"https:\/\/www.discgolfpark.com\/fi\/wp-json\/wp\/v2\/types\/page"}],"author":[{"embeddable":true,"href":"https:\/\/www.discgolfpark.com\/fi\/wp-json\/wp\/v2\/users\/33"}],"replies":[{"embeddable":true,"href":"https:\/\/www.discgolfpark.com\/fi\/wp-json\/wp\/v2\/comments?post=5255"}],"version-history":[{"count":16,"href":"https:\/\/www.discgolfpark.com\/fi\/wp-json\/wp\/v2\/pages\/5255\/revisions"}],"predecessor-version":[{"id":17945,"href":"https:\/\/www.discgolfpark.com\/fi\/wp-json\/wp\/v2\/pages\/5255\/revisions\/17945"}],"up":[{"embeddable":true,"href":"https:\/\/www.discgolfpark.com\/fi\/wp-json\/wp\/v2\/pages\/5301"}],"wp:featuredmedia":[{"embeddable":true,"href":"https:\/\/www.discgolfpark.com\/fi\/wp-json\/wp\/v2\/media\/4013"}],"wp:attachment":[{"href":"https:\/\/www.discgolfpark.com\/fi\/wp-json\/wp\/v2\/media?parent=5255"}],"curies":[{"name":"wp","href":"https:\/\/api.w.org\/{rel}","templated":true}]}}