{"id":4125,"date":"2017-12-19T14:43:46","date_gmt":"2017-12-19T14:43:46","guid":{"rendered":"http:\/\/www.discgolfpark.com\/discgolfpark-target\/"},"modified":"2025-11-19T13:24:34","modified_gmt":"2025-11-19T11:24:34","slug":"discgolfpark-pro-target","status":"publish","type":"page","link":"https:\/\/www.discgolfpark.com\/fi\/discgolfpark\/tuotteet\/discgolfpark-pro-target\/","title":{"rendered":"DiscGolfPark Pro Target"},"content":{"rendered":"","protected":false},"excerpt":{"rendered":"<p>DiscGolfPark Pro Target -maalikori Maalikori on frisbeegolfradan t\u00e4rkein tuote. Siksi olemme panostaneet siihen. Vuodesta 2005 l\u00e4htien kori on kokenut useita parannuskierroksia korroosionkest\u00e4vyydest\u00e4 ketjujen kiinnitykseen. Korit kest\u00e4v\u00e4t hankalissakin oloissa, kuten eritt\u00e4in korroosioalttiissa olosuhteissa meren rannalla. Vuodesta 2010 l\u00e4htien DiscGolfPark Pro Target on asennettu yli 5000 v\u00e4yl\u00e4lle ymp\u00e4ri maailmaa, ja siit\u00e4 on tullut lajin suosituin kori. T\u00e4ss\u00e4 [&#8230;]<\/p>\n<p><a class=\"btn btn-secondary understrap-read-more-link\" href=\"https:\/\/www.discgolfpark.com\/fi\/discgolfpark\/tuotteet\/discgolfpark-pro-target\/\">Lue lis\u00e4\u00e4&#8230;<span class=\"screen-reader-text\"> from DiscGolfPark Pro Target<\/span><\/a><\/p>\n","protected":false},"author":1,"featured_media":0,"parent":5311,"menu_order":0,"comment_status":"closed","ping_status":"closed","template":"page-templates\/product.php","meta":[],"acf":[],"_links":{"self":[{"href":"https:\/\/www.discgolfpark.com\/fi\/wp-json\/wp\/v2\/pages\/4125"}],"collection":[{"href":"https:\/\/www.discgolfpark.com\/fi\/wp-json\/wp\/v2\/pages"}],"about":[{"href":"https:\/\/www.discgolfpark.com\/fi\/wp-json\/wp\/v2\/types\/page"}],"author":[{"embeddable":true,"href":"https:\/\/www.discgolfpark.com\/fi\/wp-json\/wp\/v2\/users\/1"}],"replies":[{"embeddable":true,"href":"https:\/\/www.discgolfpark.com\/fi\/wp-json\/wp\/v2\/comments?post=4125"}],"version-history":[{"count":26,"href":"https:\/\/www.discgolfpark.com\/fi\/wp-json\/wp\/v2\/pages\/4125\/revisions"}],"predecessor-version":[{"id":17952,"href":"https:\/\/www.discgolfpark.com\/fi\/wp-json\/wp\/v2\/pages\/4125\/revisions\/17952"}],"up":[{"embeddable":true,"href":"https:\/\/www.discgolfpark.com\/fi\/wp-json\/wp\/v2\/pages\/5311"}],"wp:attachment":[{"href":"https:\/\/www.discgolfpark.com\/fi\/wp-json\/wp\/v2\/media?parent=4125"}],"curies":[{"name":"wp","href":"https:\/\/api.w.org\/{rel}","templated":true}]}}