{"id":2685,"date":"2017-12-19T14:41:24","date_gmt":"2017-12-19T14:41:24","guid":{"rendered":"http:\/\/www.discgolfpark.com\/about-us\/"},"modified":"2020-11-10T13:40:18","modified_gmt":"2020-11-10T11:40:18","slug":"tietoja","status":"publish","type":"page","link":"https:\/\/www.discgolfpark.com\/fi\/discgolfpark\/tietoja\/","title":{"rendered":"Tietoa meist\u00e4"},"content":{"rendered":"","protected":false},"excerpt":{"rendered":"<p>Tietoa meist\u00e4 \u2013 Spin18 Oy Spin18 Oy on frisbeegolfiin keskittynyt kotimainen yritys. Tuotamme asiakkaillemme kokonaisvaltaisia ratkaisuja frisbeegolfiin yli vuosikymmenen kokemuksella. Kehitt\u00e4m\u00e4mme ratatuote DiscGolfPark on suosituin frisbeegolf-kokonaisratkaisu koko maailmassa. Sen suosion on taannut pitk\u00e4n tuotekehityksen tuloksena syntynyt ylivoimainen tuote- ja palvelukokonaisuus. Saat meilt\u00e4 kaiken mit\u00e4 tarvitset frisbeegolfradan perustamiseen. Henkil\u00f6t yrityksen taustalla ovat kaikille lajia paremmin tunteville [&#8230;]<\/p>\n<p><a class=\"btn btn-secondary understrap-read-more-link\" href=\"https:\/\/www.discgolfpark.com\/fi\/discgolfpark\/tietoja\/\">Lue lis\u00e4\u00e4&#8230;<span class=\"screen-reader-text\"> from Tietoa meist\u00e4<\/span><\/a><\/p>\n","protected":false},"author":1,"featured_media":4005,"parent":5305,"menu_order":0,"comment_status":"closed","ping_status":"closed","template":"","meta":[],"acf":[],"_links":{"self":[{"href":"https:\/\/www.discgolfpark.com\/fi\/wp-json\/wp\/v2\/pages\/2685"}],"collection":[{"href":"https:\/\/www.discgolfpark.com\/fi\/wp-json\/wp\/v2\/pages"}],"about":[{"href":"https:\/\/www.discgolfpark.com\/fi\/wp-json\/wp\/v2\/types\/page"}],"author":[{"embeddable":true,"href":"https:\/\/www.discgolfpark.com\/fi\/wp-json\/wp\/v2\/users\/1"}],"replies":[{"embeddable":true,"href":"https:\/\/www.discgolfpark.com\/fi\/wp-json\/wp\/v2\/comments?post=2685"}],"version-history":[{"count":9,"href":"https:\/\/www.discgolfpark.com\/fi\/wp-json\/wp\/v2\/pages\/2685\/revisions"}],"predecessor-version":[{"id":10005,"href":"https:\/\/www.discgolfpark.com\/fi\/wp-json\/wp\/v2\/pages\/2685\/revisions\/10005"}],"up":[{"embeddable":true,"href":"https:\/\/www.discgolfpark.com\/fi\/wp-json\/wp\/v2\/pages\/5305"}],"wp:featuredmedia":[{"embeddable":true,"href":"https:\/\/www.discgolfpark.com\/fi\/wp-json\/wp\/v2\/media\/4005"}],"wp:attachment":[{"href":"https:\/\/www.discgolfpark.com\/fi\/wp-json\/wp\/v2\/media?parent=2685"}],"curies":[{"name":"wp","href":"https:\/\/api.w.org\/{rel}","templated":true}]}}