{"id":12281,"date":"2018-05-17T12:51:20","date_gmt":"2018-05-17T10:51:20","guid":{"rendered":"https:\/\/www.discgolfpark.com\/yhteys\/contact-information\/"},"modified":"2026-03-11T10:31:05","modified_gmt":"2026-03-11T08:31:05","slug":"ota-yhteytta","status":"publish","type":"page","link":"https:\/\/www.discgolfpark.com\/fi\/yhteys\/ota-yhteytta\/","title":{"rendered":"Pyyd\u00e4 tarjous"},"content":{"rendered":"","protected":false},"excerpt":{"rendered":"<p>Ensisijaiset yhteystiedot\u00a0 \u00a0 Pasi Koivu DiscGolfPark Sales Manager &amp; Designer Puhelin: +358 10 231 2557 S\u00e4hk\u00f6posti: pasi.koivu@discgolfpark.com Tommy Bessner Key Account Manager \/ DiscGolfPark Designer Puhelin: +46 701 421 887 S\u00e4hk\u00f6posti: tommy.bessner@discgolfpark.com Avery Jenkins US DiscGolfPark Sales Manager Puhelin: 541.337.8668 S\u00e4hk\u00f6posti: avery.jenkins@discgolfpark.com Dominik Stampfer Key Account Manager \/ DiscGolfPark Designer S\u00e4hk\u00f6posti: dominik.stampfer@spin18.com DiscGolfPark Office Europe [&#8230;]<\/p>\n<p><a class=\"btn btn-secondary understrap-read-more-link\" href=\"https:\/\/www.discgolfpark.com\/fi\/yhteys\/ota-yhteytta\/\">Lue lis\u00e4\u00e4&#8230;<span class=\"screen-reader-text\"> from Pyyd\u00e4 tarjous<\/span><\/a><\/p>\n","protected":false},"author":3,"featured_media":0,"parent":5331,"menu_order":0,"comment_status":"closed","ping_status":"closed","template":"","meta":[],"acf":[],"_links":{"self":[{"href":"https:\/\/www.discgolfpark.com\/fi\/wp-json\/wp\/v2\/pages\/12281"}],"collection":[{"href":"https:\/\/www.discgolfpark.com\/fi\/wp-json\/wp\/v2\/pages"}],"about":[{"href":"https:\/\/www.discgolfpark.com\/fi\/wp-json\/wp\/v2\/types\/page"}],"author":[{"embeddable":true,"href":"https:\/\/www.discgolfpark.com\/fi\/wp-json\/wp\/v2\/users\/3"}],"replies":[{"embeddable":true,"href":"https:\/\/www.discgolfpark.com\/fi\/wp-json\/wp\/v2\/comments?post=12281"}],"version-history":[{"count":70,"href":"https:\/\/www.discgolfpark.com\/fi\/wp-json\/wp\/v2\/pages\/12281\/revisions"}],"predecessor-version":[{"id":17967,"href":"https:\/\/www.discgolfpark.com\/fi\/wp-json\/wp\/v2\/pages\/12281\/revisions\/17967"}],"up":[{"embeddable":true,"href":"https:\/\/www.discgolfpark.com\/fi\/wp-json\/wp\/v2\/pages\/5331"}],"wp:attachment":[{"href":"https:\/\/www.discgolfpark.com\/fi\/wp-json\/wp\/v2\/media?parent=12281"}],"curies":[{"name":"wp","href":"https:\/\/api.w.org\/{rel}","templated":true}]}}