{"id":10810,"date":"2021-02-08T15:53:19","date_gmt":"2021-02-08T13:53:19","guid":{"rendered":"https:\/\/www.discgolfpark.com\/?page_id=10810"},"modified":"2021-02-08T15:53:19","modified_gmt":"2021-02-08T13:53:19","slug":"multigolfpark-maalikori","status":"publish","type":"page","link":"https:\/\/www.discgolfpark.com\/fi\/discgolfpark\/tuotteet\/multigolfpark-maalikori\/","title":{"rendered":"MultiGolfPark-maalikori"},"content":{"rendered":"","protected":false},"excerpt":{"rendered":"<p>Maalikori on multigolf-radan keskeisin komponentti. Vuonna 2017 keksimme yhdist\u00e4\u00e4 futisgolf-rei\u00e4n frisbeegolfkoriin. N\u00e4in kehitimme MultiGolfParkin. Voit pelata kolmea golf-lajia (frisbeegolf, futisgolf ja puistogolf) k\u00e4tev\u00e4sti samaan maaliin! Vuosien aikana olemme oppineet paljon korroosionkest\u00e4v\u00e4n tuotteen luomisesta vaativimmissakin olosuhteissa. MultiGolfPark Target ja DiscGolfPark Pro Target valmistetaan modernissa tehtaassa Suomessa, ja tuotteelle on my\u00f6nnetty Avainlipputunnus. Jos haluat takuulla kest\u00e4v\u00e4n korin [&#8230;]<\/p>\n<p><a class=\"btn btn-secondary understrap-read-more-link\" href=\"https:\/\/www.discgolfpark.com\/fi\/discgolfpark\/tuotteet\/multigolfpark-maalikori\/\">Lue lis\u00e4\u00e4&#8230;<span class=\"screen-reader-text\"> from MultiGolfPark-maalikori<\/span><\/a><\/p>\n","protected":false},"author":3,"featured_media":0,"parent":5311,"menu_order":0,"comment_status":"closed","ping_status":"closed","template":"page-templates\/product.php","meta":[],"acf":[],"_links":{"self":[{"href":"https:\/\/www.discgolfpark.com\/fi\/wp-json\/wp\/v2\/pages\/10810"}],"collection":[{"href":"https:\/\/www.discgolfpark.com\/fi\/wp-json\/wp\/v2\/pages"}],"about":[{"href":"https:\/\/www.discgolfpark.com\/fi\/wp-json\/wp\/v2\/types\/page"}],"author":[{"embeddable":true,"href":"https:\/\/www.discgolfpark.com\/fi\/wp-json\/wp\/v2\/users\/3"}],"replies":[{"embeddable":true,"href":"https:\/\/www.discgolfpark.com\/fi\/wp-json\/wp\/v2\/comments?post=10810"}],"version-history":[{"count":8,"href":"https:\/\/www.discgolfpark.com\/fi\/wp-json\/wp\/v2\/pages\/10810\/revisions"}],"predecessor-version":[{"id":10824,"href":"https:\/\/www.discgolfpark.com\/fi\/wp-json\/wp\/v2\/pages\/10810\/revisions\/10824"}],"up":[{"embeddable":true,"href":"https:\/\/www.discgolfpark.com\/fi\/wp-json\/wp\/v2\/pages\/5311"}],"wp:attachment":[{"href":"https:\/\/www.discgolfpark.com\/fi\/wp-json\/wp\/v2\/media?parent=10810"}],"curies":[{"name":"wp","href":"https:\/\/api.w.org\/{rel}","templated":true}]}}