{"id":10564,"date":"2020-12-21T10:25:02","date_gmt":"2020-12-21T08:25:02","guid":{"rendered":"https:\/\/www.discgolfpark.com\/?page_id=10564"},"modified":"2020-12-21T10:25:02","modified_gmt":"2020-12-21T08:25:02","slug":"discgolfpark-world","status":"publish","type":"page","link":"https:\/\/www.discgolfpark.com\/fi\/discgolfpark\/konseptit\/discgolfpark-world\/","title":{"rendered":"DiscGolfPark World"},"content":{"rendered":"","protected":false},"excerpt":{"rendered":"<p>DiscGolfPark World -konsepti DiscGolfPark World koostuu useammasta frisbeegolfradasta, jotka on suunniteltu eri tasoisille pelaajille. Aloittelija- ja perheyst\u00e4v\u00e4llinen rata tutustuttaa frisbeegolfin saloihin ja huippuluokan kilparata vet\u00e4\u00e4 paikalle haasteita haluavat urheilijat. Suosittelemme MultiGolfParkia lyhyine v\u00e4ylineen aloittelijaradaksi. DiscGolfPark World on suunniteltu matkailukeskuksille. Hyv\u00e4n\u00e4 esimerkkin\u00e4 hiihtokeskukset saavat DiscGolfPark Worldist\u00e4 kes\u00e4kaudelle matkailijoita kiinnostavan aktiviteetin. Heinola DiscGolfPark World Heinola DiscGolfPark World [&#8230;]<\/p>\n<p><a class=\"btn btn-secondary understrap-read-more-link\" href=\"https:\/\/www.discgolfpark.com\/fi\/discgolfpark\/konseptit\/discgolfpark-world\/\">Lue lis\u00e4\u00e4&#8230;<span class=\"screen-reader-text\"> from DiscGolfPark World<\/span><\/a><\/p>\n","protected":false},"author":33,"featured_media":10518,"parent":5301,"menu_order":0,"comment_status":"closed","ping_status":"closed","template":"page-templates\/page-with-sidebar.php","meta":[],"acf":[],"_links":{"self":[{"href":"https:\/\/www.discgolfpark.com\/fi\/wp-json\/wp\/v2\/pages\/10564"}],"collection":[{"href":"https:\/\/www.discgolfpark.com\/fi\/wp-json\/wp\/v2\/pages"}],"about":[{"href":"https:\/\/www.discgolfpark.com\/fi\/wp-json\/wp\/v2\/types\/page"}],"author":[{"embeddable":true,"href":"https:\/\/www.discgolfpark.com\/fi\/wp-json\/wp\/v2\/users\/33"}],"replies":[{"embeddable":true,"href":"https:\/\/www.discgolfpark.com\/fi\/wp-json\/wp\/v2\/comments?post=10564"}],"version-history":[{"count":3,"href":"https:\/\/www.discgolfpark.com\/fi\/wp-json\/wp\/v2\/pages\/10564\/revisions"}],"predecessor-version":[{"id":10567,"href":"https:\/\/www.discgolfpark.com\/fi\/wp-json\/wp\/v2\/pages\/10564\/revisions\/10567"}],"up":[{"embeddable":true,"href":"https:\/\/www.discgolfpark.com\/fi\/wp-json\/wp\/v2\/pages\/5301"}],"wp:featuredmedia":[{"embeddable":true,"href":"https:\/\/www.discgolfpark.com\/fi\/wp-json\/wp\/v2\/media\/10518"}],"wp:attachment":[{"href":"https:\/\/www.discgolfpark.com\/fi\/wp-json\/wp\/v2\/media?parent=10564"}],"curies":[{"name":"wp","href":"https:\/\/api.w.org\/{rel}","templated":true}]}}