{"id":10504,"date":"2019-03-13T13:28:13","date_gmt":"2019-03-13T11:28:13","guid":{"rendered":"https:\/\/www.discgolfpark.com\/discgolfpark\/konseptit\/retee-program\/"},"modified":"2022-07-11T14:19:05","modified_gmt":"2022-07-11T12:19:05","slug":"retee-ohjelma","status":"publish","type":"page","link":"https:\/\/www.discgolfpark.com\/fi\/discgolfpark\/konseptit\/retee-ohjelma\/","title":{"rendered":"Retee-ohjelma"},"content":{"rendered":"<p><iframe loading=\"lazy\" src=\"https:\/\/www.youtube.com\/embed\/fTNdz-Qu-ZY\" width=\"750\" height=\"394\" frameborder=\"0\" allowfullscreen=\"allowfullscreen\"><\/iframe><\/p>\n","protected":false},"excerpt":{"rendered":"<p>Frisbeegolfrata uusimisen\/p\u00e4ivityksen tarpeessa? &nbsp; Frisbeegolf on kasvanut Suomessa viime vuosikymmenin\u00e4 merkitt\u00e4v\u00e4sti. Radat ovat kovassa k\u00e4yt\u00f6ss\u00e4, ja my\u00f6s varusteet joutuvat koville. Osalla radoista on jo merkitt\u00e4v\u00e4 tarvikkeiden uusimistarve, kun k\u00e4ytt\u00e4ji\u00e4 voi olla useita satoja p\u00e4iv\u00e4ss\u00e4. T\u00e4h\u00e4n tarpeeseen kehitimme Retee -ohjelman. Tavoitteenamme on, ett\u00e4 frisbeegolfel\u00e4mys kymmenille tuhansille harrastajille on aina hyv\u00e4, eik\u00e4 j\u00e4\u00e4 tarvikkeiden toimivuudesta kiinni. Haluatko [&#8230;]<\/p>\n<p><a class=\"btn btn-secondary understrap-read-more-link\" href=\"https:\/\/www.discgolfpark.com\/fi\/discgolfpark\/konseptit\/retee-ohjelma\/\">Lue lis\u00e4\u00e4&#8230;<span class=\"screen-reader-text\"> from Retee-ohjelma<\/span><\/a><\/p>\n","protected":false},"author":3,"featured_media":10557,"parent":5301,"menu_order":0,"comment_status":"closed","ping_status":"closed","template":"page-templates\/page-with-sidebar.php","meta":[],"acf":[],"_links":{"self":[{"href":"https:\/\/www.discgolfpark.com\/fi\/wp-json\/wp\/v2\/pages\/10504"}],"collection":[{"href":"https:\/\/www.discgolfpark.com\/fi\/wp-json\/wp\/v2\/pages"}],"about":[{"href":"https:\/\/www.discgolfpark.com\/fi\/wp-json\/wp\/v2\/types\/page"}],"author":[{"embeddable":true,"href":"https:\/\/www.discgolfpark.com\/fi\/wp-json\/wp\/v2\/users\/3"}],"replies":[{"embeddable":true,"href":"https:\/\/www.discgolfpark.com\/fi\/wp-json\/wp\/v2\/comments?post=10504"}],"version-history":[{"count":12,"href":"https:\/\/www.discgolfpark.com\/fi\/wp-json\/wp\/v2\/pages\/10504\/revisions"}],"predecessor-version":[{"id":13370,"href":"https:\/\/www.discgolfpark.com\/fi\/wp-json\/wp\/v2\/pages\/10504\/revisions\/13370"}],"up":[{"embeddable":true,"href":"https:\/\/www.discgolfpark.com\/fi\/wp-json\/wp\/v2\/pages\/5301"}],"wp:featuredmedia":[{"embeddable":true,"href":"https:\/\/www.discgolfpark.com\/fi\/wp-json\/wp\/v2\/media\/10557"}],"wp:attachment":[{"href":"https:\/\/www.discgolfpark.com\/fi\/wp-json\/wp\/v2\/media?parent=10504"}],"curies":[{"name":"wp","href":"https:\/\/api.w.org\/{rel}","templated":true}]}}