{"id":15970,"date":"2018-03-13T14:11:02","date_gmt":"2018-03-13T12:11:02","guid":{"rendered":"https:\/\/www.discgolfpark.com\/discgolfpark\/services\/events-and-training\/"},"modified":"2023-04-06T10:13:31","modified_gmt":"2023-04-06T08:13:31","slug":"veranstaltungen-trainings","status":"publish","type":"page","link":"https:\/\/www.discgolfpark.com\/de\/discgolfpark\/dienstleistungen\/veranstaltungen-trainings\/","title":{"rendered":"Veranstaltungen &#038; Trainings"},"content":{"rendered":"","protected":false},"excerpt":{"rendered":"<p>Veranstaltungen und Trainings Die Designer von DiscGolfPark verf\u00fcgen \u00fcber eine gro\u00dfe Erfahrung im Unterrichten von Disc Golf. Eine professionell gestaltete Er\u00f6ffnungsfeier gibt der neuen Anlage erh\u00f6ht die Bekanntheit in der Gemeinde und erleichtert den Zugang f\u00fcr diejenigen, die mit Disc Golf nicht vertraut sind. Kontaktieren Sie uns f\u00fcr ein Angebot! Die Er\u00f6ffnungsfeier Wenn ein DiscGolfPark [&#8230;]<\/p>\n<p><a class=\"btn btn-secondary understrap-read-more-link\" href=\"https:\/\/www.discgolfpark.com\/de\/discgolfpark\/dienstleistungen\/veranstaltungen-trainings\/\">Weiterlesen&#8230;<span class=\"screen-reader-text\"> from Veranstaltungen &#038; Trainings<\/span><\/a><\/p>\n","protected":false},"author":3,"featured_media":14635,"parent":15905,"menu_order":4,"comment_status":"closed","ping_status":"closed","template":"","meta":[],"acf":[],"_links":{"self":[{"href":"https:\/\/www.discgolfpark.com\/de\/wp-json\/wp\/v2\/pages\/15970"}],"collection":[{"href":"https:\/\/www.discgolfpark.com\/de\/wp-json\/wp\/v2\/pages"}],"about":[{"href":"https:\/\/www.discgolfpark.com\/de\/wp-json\/wp\/v2\/types\/page"}],"author":[{"embeddable":true,"href":"https:\/\/www.discgolfpark.com\/de\/wp-json\/wp\/v2\/users\/3"}],"replies":[{"embeddable":true,"href":"https:\/\/www.discgolfpark.com\/de\/wp-json\/wp\/v2\/comments?post=15970"}],"version-history":[{"count":1,"href":"https:\/\/www.discgolfpark.com\/de\/wp-json\/wp\/v2\/pages\/15970\/revisions"}],"predecessor-version":[{"id":15972,"href":"https:\/\/www.discgolfpark.com\/de\/wp-json\/wp\/v2\/pages\/15970\/revisions\/15972"}],"up":[{"embeddable":true,"href":"https:\/\/www.discgolfpark.com\/de\/wp-json\/wp\/v2\/pages\/15905"}],"wp:featuredmedia":[{"embeddable":true,"href":"https:\/\/www.discgolfpark.com\/de\/wp-json\/wp\/v2\/media\/14635"}],"wp:attachment":[{"href":"https:\/\/www.discgolfpark.com\/de\/wp-json\/wp\/v2\/media?parent=15970"}],"curies":[{"name":"wp","href":"https:\/\/api.w.org\/{rel}","templated":true}]}}