{"id":15955,"date":"2017-12-19T14:45:14","date_gmt":"2017-12-19T14:45:14","guid":{"rendered":"https:\/\/www.discgolfpark.com\/discgolfpark\/services\/mapping-services\/"},"modified":"2023-04-06T10:12:30","modified_gmt":"2023-04-06T08:12:30","slug":"gelaendesichtung","status":"publish","type":"page","link":"https:\/\/www.discgolfpark.com\/de\/discgolfpark\/dienstleistungen\/gelaendesichtung\/","title":{"rendered":"Gel\u00e4ndesichtung"},"content":{"rendered":"","protected":false},"excerpt":{"rendered":"<p>Gel\u00e4ndesichtung Die Gel\u00e4ndesichtung beinhaltet: Die Begehung eines potenziellen Gel\u00e4ndes (Pr\u00fcfung u.a.: Anzahl der realisierbaren Bahnen, Klassifizierung des Platzes, Zielgruppe, andere zu ber\u00fccksichtigende Dinge) Kartierung des Gel\u00e4ndes und seiner besonderen Merkmale Erstellung eines DiscGolfPark-Kostenvoranschlags Kontaktieren Sie uns f\u00fcr ein Angebot! Die Gel\u00e4ndesichtung zielt darauf ab, ein potentielles DiscGolfPark-Gebiet vor der eigentlichen Planungsphase kennenzulernen. Eine Kartierung des [&#8230;]<\/p>\n<p><a class=\"btn btn-secondary understrap-read-more-link\" href=\"https:\/\/www.discgolfpark.com\/de\/discgolfpark\/dienstleistungen\/gelaendesichtung\/\">Weiterlesen&#8230;<span class=\"screen-reader-text\"> from Gel\u00e4ndesichtung<\/span><\/a><\/p>\n","protected":false},"author":1,"featured_media":14540,"parent":15905,"menu_order":0,"comment_status":"closed","ping_status":"closed","template":"","meta":[],"acf":[],"_links":{"self":[{"href":"https:\/\/www.discgolfpark.com\/de\/wp-json\/wp\/v2\/pages\/15955"}],"collection":[{"href":"https:\/\/www.discgolfpark.com\/de\/wp-json\/wp\/v2\/pages"}],"about":[{"href":"https:\/\/www.discgolfpark.com\/de\/wp-json\/wp\/v2\/types\/page"}],"author":[{"embeddable":true,"href":"https:\/\/www.discgolfpark.com\/de\/wp-json\/wp\/v2\/users\/1"}],"replies":[{"embeddable":true,"href":"https:\/\/www.discgolfpark.com\/de\/wp-json\/wp\/v2\/comments?post=15955"}],"version-history":[{"count":2,"href":"https:\/\/www.discgolfpark.com\/de\/wp-json\/wp\/v2\/pages\/15955\/revisions"}],"predecessor-version":[{"id":15957,"href":"https:\/\/www.discgolfpark.com\/de\/wp-json\/wp\/v2\/pages\/15955\/revisions\/15957"}],"up":[{"embeddable":true,"href":"https:\/\/www.discgolfpark.com\/de\/wp-json\/wp\/v2\/pages\/15905"}],"wp:featuredmedia":[{"embeddable":true,"href":"https:\/\/www.discgolfpark.com\/de\/wp-json\/wp\/v2\/media\/14540"}],"wp:attachment":[{"href":"https:\/\/www.discgolfpark.com\/de\/wp-json\/wp\/v2\/media?parent=15955"}],"curies":[{"name":"wp","href":"https:\/\/api.w.org\/{rel}","templated":true}]}}