{"id":15934,"date":"2021-05-03T14:45:41","date_gmt":"2021-05-03T12:45:41","guid":{"rendered":"https:\/\/www.discgolfpark.com\/discgolfpark\/products\/deluxe-teesign\/"},"modified":"2023-03-31T11:23:00","modified_gmt":"2023-03-31T09:23:00","slug":"deluxe-teesign","status":"publish","type":"page","link":"https:\/\/www.discgolfpark.com\/de\/discgolfpark\/produkte\/deluxe-teesign\/","title":{"rendered":"Deluxe TeeSign"},"content":{"rendered":"","protected":false},"excerpt":{"rendered":"<p>Das Deluxe TeeSign Das Deluxe TeeSign ist eine gr\u00f6\u00dfere Version des regul\u00e4ren TeeSigns und wurde f\u00fcr einen Disc Golf-Platz entwickelt, bei dem die Sichtbarkeit der Schilder besonders wichtig ist. Das Deluxe TeeSign erm\u00f6glicht es, Informationen \u00fcber die Spielbahn und sowie den \u00dcbersichtsplan in hoher Detailgenauigkeit darzustellen. Das Schild bietet auch eine bessere Sichtbarkeit f\u00fcr Partner. [&#8230;]<\/p>\n<p><a class=\"btn btn-secondary understrap-read-more-link\" href=\"https:\/\/www.discgolfpark.com\/de\/discgolfpark\/produkte\/deluxe-teesign\/\">Weiterlesen&#8230;<span class=\"screen-reader-text\"> from Deluxe TeeSign<\/span><\/a><\/p>\n","protected":false},"author":3,"featured_media":0,"parent":15900,"menu_order":0,"comment_status":"closed","ping_status":"closed","template":"page-templates\/product.php","meta":[],"acf":[],"_links":{"self":[{"href":"https:\/\/www.discgolfpark.com\/de\/wp-json\/wp\/v2\/pages\/15934"}],"collection":[{"href":"https:\/\/www.discgolfpark.com\/de\/wp-json\/wp\/v2\/pages"}],"about":[{"href":"https:\/\/www.discgolfpark.com\/de\/wp-json\/wp\/v2\/types\/page"}],"author":[{"embeddable":true,"href":"https:\/\/www.discgolfpark.com\/de\/wp-json\/wp\/v2\/users\/3"}],"replies":[{"embeddable":true,"href":"https:\/\/www.discgolfpark.com\/de\/wp-json\/wp\/v2\/comments?post=15934"}],"version-history":[{"count":5,"href":"https:\/\/www.discgolfpark.com\/de\/wp-json\/wp\/v2\/pages\/15934\/revisions"}],"predecessor-version":[{"id":16035,"href":"https:\/\/www.discgolfpark.com\/de\/wp-json\/wp\/v2\/pages\/15934\/revisions\/16035"}],"up":[{"embeddable":true,"href":"https:\/\/www.discgolfpark.com\/de\/wp-json\/wp\/v2\/pages\/15900"}],"wp:attachment":[{"href":"https:\/\/www.discgolfpark.com\/de\/wp-json\/wp\/v2\/media?parent=15934"}],"curies":[{"name":"wp","href":"https:\/\/api.w.org\/{rel}","templated":true}]}}