{"id":15915,"date":"2021-02-08T15:53:07","date_gmt":"2021-02-08T13:53:07","guid":{"rendered":"https:\/\/www.discgolfpark.com\/discgolfpark\/products\/multigolfpark-target\/"},"modified":"2023-04-06T10:17:16","modified_gmt":"2023-04-06T08:17:16","slug":"multigolfpark-ziel","status":"publish","type":"page","link":"https:\/\/www.discgolfpark.com\/de\/discgolfpark\/produkte\/multigolfpark-ziel\/","title":{"rendered":"MultiGolfPark Ziel"},"content":{"rendered":"","protected":false},"excerpt":{"rendered":"<p>Der Zielkorb ist der wichtigste Bestandteil eines Multigolfplatzes. Im Jahr 2017 haben wir beschlossen, ein Fu\u00dfballgolf-Loch mit einem Disc Golf-Zielkorb zu kombinieren. So wurde der MultiGolfPark erfunden. Mit ihm k\u00f6nnen Sie drei Arten von Golf (Disc Golf, Fu\u00dfballgolf und Ballgolf) mit demselben Zielkorb spielen! Im Laufe der Jahre haben wir viel dar\u00fcber gelernt, wie man [&#8230;]<\/p>\n<p><a class=\"btn btn-secondary understrap-read-more-link\" href=\"https:\/\/www.discgolfpark.com\/de\/discgolfpark\/produkte\/multigolfpark-ziel\/\">Weiterlesen&#8230;<span class=\"screen-reader-text\"> from MultiGolfPark Ziel<\/span><\/a><\/p>\n","protected":false},"author":3,"featured_media":0,"parent":15900,"menu_order":0,"comment_status":"closed","ping_status":"closed","template":"page-templates\/product.php","meta":[],"acf":[],"_links":{"self":[{"href":"https:\/\/www.discgolfpark.com\/de\/wp-json\/wp\/v2\/pages\/15915"}],"collection":[{"href":"https:\/\/www.discgolfpark.com\/de\/wp-json\/wp\/v2\/pages"}],"about":[{"href":"https:\/\/www.discgolfpark.com\/de\/wp-json\/wp\/v2\/types\/page"}],"author":[{"embeddable":true,"href":"https:\/\/www.discgolfpark.com\/de\/wp-json\/wp\/v2\/users\/3"}],"replies":[{"embeddable":true,"href":"https:\/\/www.discgolfpark.com\/de\/wp-json\/wp\/v2\/comments?post=15915"}],"version-history":[{"count":8,"href":"https:\/\/www.discgolfpark.com\/de\/wp-json\/wp\/v2\/pages\/15915\/revisions"}],"predecessor-version":[{"id":16094,"href":"https:\/\/www.discgolfpark.com\/de\/wp-json\/wp\/v2\/pages\/15915\/revisions\/16094"}],"up":[{"embeddable":true,"href":"https:\/\/www.discgolfpark.com\/de\/wp-json\/wp\/v2\/pages\/15900"}],"wp:attachment":[{"href":"https:\/\/www.discgolfpark.com\/de\/wp-json\/wp\/v2\/media?parent=15915"}],"curies":[{"name":"wp","href":"https:\/\/api.w.org\/{rel}","templated":true}]}}