{"id":15909,"date":"2017-12-19T14:43:46","date_gmt":"2017-12-19T14:43:46","guid":{"rendered":"https:\/\/www.discgolfpark.com\/discgolfpark\/products\/discgolfpark-pro-target\/"},"modified":"2025-11-19T13:25:58","modified_gmt":"2025-11-19T11:25:58","slug":"discgolfpark-pro-zielkorb","status":"publish","type":"page","link":"https:\/\/www.discgolfpark.com\/de\/discgolfpark\/produkte\/discgolfpark-pro-zielkorb\/","title":{"rendered":"DiscGolfPark Pro Zielkorb"},"content":{"rendered":"","protected":false},"excerpt":{"rendered":"<p>DiscGolfPark Pro Zielkorb Der Zielkorb ist der wichtigste Bestandteil einer Disc Golf-Anlage. Deshalb haben wir uns sehr viel M\u00fche damit gegeben. Seit seiner Einf\u00fchrung im Jahr 2005 hat der Zielkorb mehrere Verbesserungen erfahren. Im Laufe der Jahre haben wir viel dar\u00fcber gelernt, wie man ein Produkt herstellt, das auch unter den anspruchsvollsten Bedingungen korrosionsbest\u00e4ndig ist. [&#8230;]<\/p>\n<p><a class=\"btn btn-secondary understrap-read-more-link\" href=\"https:\/\/www.discgolfpark.com\/de\/discgolfpark\/produkte\/discgolfpark-pro-zielkorb\/\">Weiterlesen&#8230;<span class=\"screen-reader-text\"> from DiscGolfPark Pro Zielkorb<\/span><\/a><\/p>\n","protected":false},"author":1,"featured_media":0,"parent":15900,"menu_order":0,"comment_status":"closed","ping_status":"closed","template":"page-templates\/product.php","meta":[],"acf":[],"_links":{"self":[{"href":"https:\/\/www.discgolfpark.com\/de\/wp-json\/wp\/v2\/pages\/15909"}],"collection":[{"href":"https:\/\/www.discgolfpark.com\/de\/wp-json\/wp\/v2\/pages"}],"about":[{"href":"https:\/\/www.discgolfpark.com\/de\/wp-json\/wp\/v2\/types\/page"}],"author":[{"embeddable":true,"href":"https:\/\/www.discgolfpark.com\/de\/wp-json\/wp\/v2\/users\/1"}],"replies":[{"embeddable":true,"href":"https:\/\/www.discgolfpark.com\/de\/wp-json\/wp\/v2\/comments?post=15909"}],"version-history":[{"count":11,"href":"https:\/\/www.discgolfpark.com\/de\/wp-json\/wp\/v2\/pages\/15909\/revisions"}],"predecessor-version":[{"id":17955,"href":"https:\/\/www.discgolfpark.com\/de\/wp-json\/wp\/v2\/pages\/15909\/revisions\/17955"}],"up":[{"embeddable":true,"href":"https:\/\/www.discgolfpark.com\/de\/wp-json\/wp\/v2\/pages\/15900"}],"wp:attachment":[{"href":"https:\/\/www.discgolfpark.com\/de\/wp-json\/wp\/v2\/media?parent=15909"}],"curies":[{"name":"wp","href":"https:\/\/api.w.org\/{rel}","templated":true}]}}