{"id":15896,"date":"2017-12-19T14:41:24","date_gmt":"2017-12-19T14:41:24","guid":{"rendered":"https:\/\/www.discgolfpark.com\/discgolfpark\/about-us\/"},"modified":"2023-04-06T10:17:57","modified_gmt":"2023-04-06T08:17:57","slug":"ueber-uns","status":"publish","type":"page","link":"https:\/\/www.discgolfpark.com\/de\/discgolfpark\/ueber-uns\/","title":{"rendered":"\u00dcber uns"},"content":{"rendered":"","protected":false},"excerpt":{"rendered":"<p>\u00dcber uns \u2013 DiscGolfPark\u00ae von Discmania DiscGolfPark\u00ae wurde gegr\u00fcndet, um den Disc Golf-Sport auf der ganzen Welt zu f\u00f6rdern. Wir bieten Disc Golf-L\u00f6sungen mit jahrzehntelanger Erfahrung. Unser Produkt DiscGolfPark ist bei weitem die beliebteste L\u00f6sung f\u00fcr Disc-Golf Anlagen in der Welt. Sein Erfolg liegt in unz\u00e4hligen Stunden Forschung und Entwicklung begr\u00fcndet &#8211; alles, was Sie [&#8230;]<\/p>\n<p><a class=\"btn btn-secondary understrap-read-more-link\" href=\"https:\/\/www.discgolfpark.com\/de\/discgolfpark\/ueber-uns\/\">Weiterlesen&#8230;<span class=\"screen-reader-text\"> from \u00dcber uns<\/span><\/a><\/p>\n","protected":false},"author":1,"featured_media":14538,"parent":15814,"menu_order":0,"comment_status":"closed","ping_status":"closed","template":"","meta":[],"acf":[],"_links":{"self":[{"href":"https:\/\/www.discgolfpark.com\/de\/wp-json\/wp\/v2\/pages\/15896"}],"collection":[{"href":"https:\/\/www.discgolfpark.com\/de\/wp-json\/wp\/v2\/pages"}],"about":[{"href":"https:\/\/www.discgolfpark.com\/de\/wp-json\/wp\/v2\/types\/page"}],"author":[{"embeddable":true,"href":"https:\/\/www.discgolfpark.com\/de\/wp-json\/wp\/v2\/users\/1"}],"replies":[{"embeddable":true,"href":"https:\/\/www.discgolfpark.com\/de\/wp-json\/wp\/v2\/comments?post=15896"}],"version-history":[{"count":2,"href":"https:\/\/www.discgolfpark.com\/de\/wp-json\/wp\/v2\/pages\/15896\/revisions"}],"predecessor-version":[{"id":15898,"href":"https:\/\/www.discgolfpark.com\/de\/wp-json\/wp\/v2\/pages\/15896\/revisions\/15898"}],"up":[{"embeddable":true,"href":"https:\/\/www.discgolfpark.com\/de\/wp-json\/wp\/v2\/pages\/15814"}],"wp:featuredmedia":[{"embeddable":true,"href":"https:\/\/www.discgolfpark.com\/de\/wp-json\/wp\/v2\/media\/14538"}],"wp:attachment":[{"href":"https:\/\/www.discgolfpark.com\/de\/wp-json\/wp\/v2\/media?parent=15896"}],"curies":[{"name":"wp","href":"https:\/\/api.w.org\/{rel}","templated":true}]}}