{"id":15889,"date":"2019-03-13T13:28:13","date_gmt":"2019-03-13T11:28:13","guid":{"rendered":"https:\/\/www.discgolfpark.com\/discgolfpark\/konzept\/retee-program\/"},"modified":"2023-04-06T10:14:57","modified_gmt":"2023-04-06T08:14:57","slug":"retee-programm","status":"publish","type":"page","link":"https:\/\/www.discgolfpark.com\/de\/discgolfpark\/konzept\/retee-programm\/","title":{"rendered":"Retee-Programm"},"content":{"rendered":"<p><iframe loading=\"lazy\" src=\"https:\/\/www.youtube.com\/embed\/fTNdz-Qu-ZY\" width=\"750\" height=\"394\" frameborder=\"0\" allowfullscreen=\"allowfullscreen\"><\/iframe><\/p>\n","protected":false},"excerpt":{"rendered":"<p>Braucht Ihre Disc Golf-Anlage ein Update? &nbsp; Der Disc Golf Sport ist in den letzten zehn Jahren stark gewachsen. Die Disc Golf-Pl\u00e4tze sind st\u00e4ndig in Gebrauch, was auch dazu f\u00fchrt, dass sich die Ausr\u00fcstung der Pl\u00e4tze schneller abnutzt. Einige der Disc Golf-Anlagen haben einen dringenden Bedarf an neuen K\u00f6rben, TeePads und TeeSigns aufgrund der gro\u00dfen [&#8230;]<\/p>\n<p><a class=\"btn btn-secondary understrap-read-more-link\" href=\"https:\/\/www.discgolfpark.com\/de\/discgolfpark\/konzept\/retee-programm\/\">Weiterlesen&#8230;<span class=\"screen-reader-text\"> from Retee-Programm<\/span><\/a><\/p>\n","protected":false},"author":3,"featured_media":14878,"parent":15827,"menu_order":0,"comment_status":"closed","ping_status":"closed","template":"page-templates\/page-with-sidebar.php","meta":[],"acf":[],"_links":{"self":[{"href":"https:\/\/www.discgolfpark.com\/de\/wp-json\/wp\/v2\/pages\/15889"}],"collection":[{"href":"https:\/\/www.discgolfpark.com\/de\/wp-json\/wp\/v2\/pages"}],"about":[{"href":"https:\/\/www.discgolfpark.com\/de\/wp-json\/wp\/v2\/types\/page"}],"author":[{"embeddable":true,"href":"https:\/\/www.discgolfpark.com\/de\/wp-json\/wp\/v2\/users\/3"}],"replies":[{"embeddable":true,"href":"https:\/\/www.discgolfpark.com\/de\/wp-json\/wp\/v2\/comments?post=15889"}],"version-history":[{"count":6,"href":"https:\/\/www.discgolfpark.com\/de\/wp-json\/wp\/v2\/pages\/15889\/revisions"}],"predecessor-version":[{"id":16091,"href":"https:\/\/www.discgolfpark.com\/de\/wp-json\/wp\/v2\/pages\/15889\/revisions\/16091"}],"up":[{"embeddable":true,"href":"https:\/\/www.discgolfpark.com\/de\/wp-json\/wp\/v2\/pages\/15827"}],"wp:featuredmedia":[{"embeddable":true,"href":"https:\/\/www.discgolfpark.com\/de\/wp-json\/wp\/v2\/media\/14878"}],"wp:attachment":[{"href":"https:\/\/www.discgolfpark.com\/de\/wp-json\/wp\/v2\/media?parent=15889"}],"curies":[{"name":"wp","href":"https:\/\/api.w.org\/{rel}","templated":true}]}}