{"id":15884,"date":"2017-12-19T14:43:30","date_gmt":"2017-12-19T14:43:30","guid":{"rendered":"https:\/\/www.discgolfpark.com\/discgolfpark\/konzept\/school-discgolfpark\/"},"modified":"2025-01-22T08:50:58","modified_gmt":"2025-01-22T06:50:58","slug":"discgolfpark-schule","status":"publish","type":"page","link":"https:\/\/www.discgolfpark.com\/de\/discgolfpark\/konzept\/discgolfpark-schule\/","title":{"rendered":"DiscGolfPark Schule"},"content":{"rendered":"","protected":false},"excerpt":{"rendered":"<p>DiscGolfPark Schule \u2013 Ein neuer, aufregender Sport f\u00fcr Schulen! Ziel des Sportunterrichts in der Schule ist es, den Sch\u00fclerinnen und Sch\u00fclern vielseitige und unterhaltsame Sportarten n\u00e4herzubringen, die zu einem langj\u00e4hrigen Sporthobby werden k\u00f6nnen. Denn die besten Bewegungsformen sind die, bei denen man gegen sich selbst antritt, aber auch mit Freunden Spa\u00df haben kann. DiscGolfPark Schule [&#8230;]<\/p>\n<p><a class=\"btn btn-secondary understrap-read-more-link\" href=\"https:\/\/www.discgolfpark.com\/de\/discgolfpark\/konzept\/discgolfpark-schule\/\">Weiterlesen&#8230;<span class=\"screen-reader-text\"> from DiscGolfPark Schule<\/span><\/a><\/p>\n","protected":false},"author":1,"featured_media":14472,"parent":15827,"menu_order":0,"comment_status":"closed","ping_status":"closed","template":"page-templates\/page-with-sidebar.php","meta":[],"acf":[],"_links":{"self":[{"href":"https:\/\/www.discgolfpark.com\/de\/wp-json\/wp\/v2\/pages\/15884"}],"collection":[{"href":"https:\/\/www.discgolfpark.com\/de\/wp-json\/wp\/v2\/pages"}],"about":[{"href":"https:\/\/www.discgolfpark.com\/de\/wp-json\/wp\/v2\/types\/page"}],"author":[{"embeddable":true,"href":"https:\/\/www.discgolfpark.com\/de\/wp-json\/wp\/v2\/users\/1"}],"replies":[{"embeddable":true,"href":"https:\/\/www.discgolfpark.com\/de\/wp-json\/wp\/v2\/comments?post=15884"}],"version-history":[{"count":7,"href":"https:\/\/www.discgolfpark.com\/de\/wp-json\/wp\/v2\/pages\/15884\/revisions"}],"predecessor-version":[{"id":17648,"href":"https:\/\/www.discgolfpark.com\/de\/wp-json\/wp\/v2\/pages\/15884\/revisions\/17648"}],"up":[{"embeddable":true,"href":"https:\/\/www.discgolfpark.com\/de\/wp-json\/wp\/v2\/pages\/15827"}],"wp:featuredmedia":[{"embeddable":true,"href":"https:\/\/www.discgolfpark.com\/de\/wp-json\/wp\/v2\/media\/14472"}],"wp:attachment":[{"href":"https:\/\/www.discgolfpark.com\/de\/wp-json\/wp\/v2\/media?parent=15884"}],"curies":[{"name":"wp","href":"https:\/\/api.w.org\/{rel}","templated":true}]}}