{"id":15865,"date":"2020-12-18T11:02:17","date_gmt":"2020-12-18T09:02:17","guid":{"rendered":"https:\/\/www.discgolfpark.com\/?page_id=15865"},"modified":"2023-03-31T10:56:30","modified_gmt":"2023-03-31T08:56:30","slug":"discgolfpark-world","status":"publish","type":"page","link":"https:\/\/www.discgolfpark.com\/de\/discgolfpark\/konzept\/discgolfpark-world\/","title":{"rendered":"DiscGolfPark World"},"content":{"rendered":"","protected":false},"excerpt":{"rendered":"<p>Das DiscGolfPark World Konzept Das DiscGolfPark World Konzept besteht aus mehreren Pl\u00e4tzen, die f\u00fcr unterschiedliche Spielertypen konzipiert sind. Die Bandbreite reicht von einem einsteigerfreundlichen Parcours bis hin zu einem Parcours auf Wettkampfniveau. Wir empfehlen als Einsteigervariante einen MultiGolfPark mit kurzen Fairways. DiscGolfPark World ist f\u00fcr Skigebiete konzipiert. So er\u00f6ffnet sich f\u00fcr Skigebiete eine neue Einnahmequelle [&#8230;]<\/p>\n<p><a class=\"btn btn-secondary understrap-read-more-link\" href=\"https:\/\/www.discgolfpark.com\/de\/discgolfpark\/konzept\/discgolfpark-world\/\">Weiterlesen&#8230;<span class=\"screen-reader-text\"> from DiscGolfPark World<\/span><\/a><\/p>\n","protected":false},"author":3,"featured_media":15072,"parent":15827,"menu_order":0,"comment_status":"closed","ping_status":"closed","template":"page-templates\/page-with-sidebar.php","meta":[],"acf":[],"_links":{"self":[{"href":"https:\/\/www.discgolfpark.com\/de\/wp-json\/wp\/v2\/pages\/15865"}],"collection":[{"href":"https:\/\/www.discgolfpark.com\/de\/wp-json\/wp\/v2\/pages"}],"about":[{"href":"https:\/\/www.discgolfpark.com\/de\/wp-json\/wp\/v2\/types\/page"}],"author":[{"embeddable":true,"href":"https:\/\/www.discgolfpark.com\/de\/wp-json\/wp\/v2\/users\/3"}],"replies":[{"embeddable":true,"href":"https:\/\/www.discgolfpark.com\/de\/wp-json\/wp\/v2\/comments?post=15865"}],"version-history":[{"count":8,"href":"https:\/\/www.discgolfpark.com\/de\/wp-json\/wp\/v2\/pages\/15865\/revisions"}],"predecessor-version":[{"id":16024,"href":"https:\/\/www.discgolfpark.com\/de\/wp-json\/wp\/v2\/pages\/15865\/revisions\/16024"}],"up":[{"embeddable":true,"href":"https:\/\/www.discgolfpark.com\/de\/wp-json\/wp\/v2\/pages\/15827"}],"wp:featuredmedia":[{"embeddable":true,"href":"https:\/\/www.discgolfpark.com\/de\/wp-json\/wp\/v2\/media\/15072"}],"wp:attachment":[{"href":"https:\/\/www.discgolfpark.com\/de\/wp-json\/wp\/v2\/media?parent=15865"}],"curies":[{"name":"wp","href":"https:\/\/api.w.org\/{rel}","templated":true}]}}